{"id":13,"date":"2024-06-26T15:04:23","date_gmt":"2024-06-26T15:04:23","guid":{"rendered":"http:\/\/palabrasdevida.com\/systemproword\/?page_id=13"},"modified":"2024-09-10T19:47:49","modified_gmt":"2024-09-10T19:47:49","slug":"inicio","status":"publish","type":"page","link":"http:\/\/palabrasdevida.com\/systemproword\/","title":{"rendered":"Inicio"},"content":{"rendered":"\n<div class=\"wp-block-cover alignfull is-light\" style=\"min-height:606px;aspect-ratio:unset;\"><span aria-hidden=\"true\" class=\"wp-block-cover__background has-background-dim-100 has-background-dim\" style=\"background-color:#ffffff\"><\/span><div class=\"wp-block-cover__inner-container is-layout-flow wp-block-cover-is-layout-flow\">\n<div class=\"wp-block-media-text alignfull is-stacked-on-mobile is-vertically-aligned-center\" style=\"grid-template-columns:34% auto\"><figure class=\"wp-block-media-text__media\"><img loading=\"lazy\" decoding=\"async\" width=\"952\" height=\"1152\" src=\"http:\/\/palabrasdevida.com\/systemproword\/wp-content\/uploads\/2024\/08\/jesus_org_opt_full.fw_.png\" alt=\"\" class=\"wp-image-198 size-full\" srcset=\"http:\/\/palabrasdevida.com\/systemproword\/wp-content\/uploads\/2024\/08\/jesus_org_opt_full.fw_.png 952w, http:\/\/palabrasdevida.com\/systemproword\/wp-content\/uploads\/2024\/08\/jesus_org_opt_full.fw_-248x300.png 248w, http:\/\/palabrasdevida.com\/systemproword\/wp-content\/uploads\/2024\/08\/jesus_org_opt_full.fw_-846x1024.png 846w, http:\/\/palabrasdevida.com\/systemproword\/wp-content\/uploads\/2024\/08\/jesus_org_opt_full.fw_-768x929.png 768w\" sizes=\"auto, (max-width: 952px) 100vw, 952px\" \/><\/figure><div class=\"wp-block-media-text__content\">\n<h2 class=\"wp-block-heading has-text-color\" style=\"color:#000000;font-size:32px\"><strong>Dios te bendiga !!!<\/strong><\/h2>\n\n\n\n<p class=\"has-text-color\" style=\"color:#000000;font-size:17px\">Dijo nuestro Se\u00f1or Jesucristo:<br>\u2026<strong>&nbsp;<em>las palabras que yo os he hablado son esp\u00edritu y son vida<\/em>.<\/strong><br>(Juan 6:63 RVR1960)<\/p>\n\n\n\n<p class=\"has-ast-global-color-3-color has-text-color has-link-color wp-elements-d88c04b4a5fe3fac0b4887b310318525\">Anhelamos acompa\u00f1arte con una palabra de aliento, amor y esperanza.<br>Dios nos ha prometido bendecir a todas las personas que nos visiten, y s\u00f3lo en \u00c9l est\u00e1 fundada nuestra esperanza. Que el Se\u00f1or Jesucristo guarte tu vida as\u00ed como la de tus seres amados y te bendiga en todo lo que emprendas.<br>Es nuestra oraci\u00f3n y ruego por ti con sincero amor en Cristo, Rey y Se\u00f1or nuestro.<\/p>\n\n\n\n<p class=\"has-ast-global-color-3-color has-text-color has-link-color wp-elements-efc60b56488d9f61c95953f387f0c3c4\">Bienvenido a nuestra casa. Recibe nuestro abrazo fraternal, <em><strong>Daniela y Daniel Liandro<\/strong><\/em>.<\/p>\n\n\n\n<div class=\"wp-block-buttons is-layout-flex wp-block-buttons-is-layout-flex\">\n<div class=\"wp-block-button is-style-fill\"><a class=\"wp-block-button__link wp-element-button\" href=\"http:\/\/palabrasdevida.com\/systemproword\/por-que-palabras-de-vida\/\">\u00bfPor qu\u00e9 Palabras de Vida?<\/a><\/div>\n<\/div>\n<\/div><\/div>\n<\/div><\/div>\n\n\n\n<p>Nuestro Ministerio tiene por finalidad <strong>proclamar la Palabra de Dios a todas las naciones<\/strong>.<br>As\u00ed, hemos acompa\u00f1ado en su capacitaci\u00f3n a cientos de l\u00edderes cristianos, fortaleci\u00e9ndolos en su fe y afirmando sus conocimientos b\u00edblicos en base a la sana doctrina de los Ap\u00f3stoles, conforme Dios lo establece en la Biblia (Efesios 2:20 y Hechos 2:42).<\/p>\n\n\n\n<p>Todo lo publicado es de libre uso, respetando el sentido y fidelidad b\u00edblica, salvo el contenido con identificaci\u00f3n de autor, que queda sujeto a los derechos correspondientes. El \u00fanico requisito que se solicita es la menci\u00f3n de <strong>Palabras de Vida (<em>www.palabrasdevida.com<\/em>) <\/strong>como fuente.<\/p>\n\n\n\n<p>La totalidad del contenido, que no identifique otro autor fuera de Palabras de Vida, ha sido escudri\u00f1ado por el staff de nuestro Ministerio y el director \u00abad honorem\u00bb <strong>Dr. Daniel Liandro<\/strong> asume toda la responsabilidad por su fidelidad b\u00edblica. Los art\u00edculos con indicaci\u00f3n de su autor, son exclusiva responsabilidad de los mismos.<\/p>\n\n\n\n<p><\/p>\n","protected":false},"excerpt":{"rendered":"<p>Nuestro Ministerio tiene por finalidad proclamar la Palabra de Dios a todas las naciones.As\u00ed, hemos acompa\u00f1ado en su capacitaci\u00f3n a [&hellip;]<\/p>\n","protected":false},"author":2,"featured_media":152,"parent":0,"menu_order":0,"comment_status":"closed","ping_status":"closed","template":"","meta":{"site-sidebar-layout":"default","site-content-layout":"","ast-site-content-layout":"default","site-content-style":"default","site-sidebar-style":"default","ast-global-header-display":"","ast-banner-title-visibility":"","ast-main-header-display":"","ast-hfb-above-header-display":"","ast-hfb-below-header-display":"","ast-hfb-mobile-header-display":"","site-post-title":"disabled","ast-breadcrumbs-content":"","ast-featured-img":"disabled","footer-sml-layout":"","ast-disable-related-posts":"","theme-transparent-header-meta":"","adv-header-id-meta":"","stick-header-meta":"","header-above-stick-meta":"","header-main-stick-meta":"","header-below-stick-meta":"","astra-migrate-meta-layouts":"default","ast-page-background-enabled":"default","ast-page-background-meta":{"desktop":{"background-color":"var(--ast-global-color-4)","background-image":"","background-repeat":"repeat","background-position":"center center","background-size":"auto","background-attachment":"scroll","background-type":"","background-media":"","overlay-type":"","overlay-color":"","overlay-opacity":"","overlay-gradient":""},"tablet":{"background-color":"","background-image":"","background-repeat":"repeat","background-position":"center center","background-size":"auto","background-attachment":"scroll","background-type":"","background-media":"","overlay-type":"","overlay-color":"","overlay-opacity":"","overlay-gradient":""},"mobile":{"background-color":"","background-image":"","background-repeat":"repeat","background-position":"center center","background-size":"auto","background-attachment":"scroll","background-type":"","background-media":"","overlay-type":"","overlay-color":"","overlay-opacity":"","overlay-gradient":""}},"ast-content-background-meta":{"desktop":{"background-color":"var(--ast-global-color-5)","background-image":"","background-repeat":"repeat","background-position":"center center","background-size":"auto","background-attachment":"scroll","background-type":"","background-media":"","overlay-type":"","overlay-color":"","overlay-opacity":"","overlay-gradient":""},"tablet":{"background-color":"var(--ast-global-color-5)","background-image":"","background-repeat":"repeat","background-position":"center center","background-size":"auto","background-attachment":"scroll","background-type":"","background-media":"","overlay-type":"","overlay-color":"","overlay-opacity":"","overlay-gradient":""},"mobile":{"background-color":"var(--ast-global-color-5)","background-image":"","background-repeat":"repeat","background-position":"center center","background-size":"auto","background-attachment":"scroll","background-type":"","background-media":"","overlay-type":"","overlay-color":"","overlay-opacity":"","overlay-gradient":""}},"footnotes":""},"class_list":["post-13","page","type-page","status-publish","has-post-thumbnail","hentry"],"_links":{"self":[{"href":"http:\/\/palabrasdevida.com\/systemproword\/wp-json\/wp\/v2\/pages\/13","targetHints":{"allow":["GET"]}}],"collection":[{"href":"http:\/\/palabrasdevida.com\/systemproword\/wp-json\/wp\/v2\/pages"}],"about":[{"href":"http:\/\/palabrasdevida.com\/systemproword\/wp-json\/wp\/v2\/types\/page"}],"author":[{"embeddable":true,"href":"http:\/\/palabrasdevida.com\/systemproword\/wp-json\/wp\/v2\/users\/2"}],"replies":[{"embeddable":true,"href":"http:\/\/palabrasdevida.com\/systemproword\/wp-json\/wp\/v2\/comments?post=13"}],"version-history":[{"count":25,"href":"http:\/\/palabrasdevida.com\/systemproword\/wp-json\/wp\/v2\/pages\/13\/revisions"}],"predecessor-version":[{"id":393,"href":"http:\/\/palabrasdevida.com\/systemproword\/wp-json\/wp\/v2\/pages\/13\/revisions\/393"}],"wp:featuredmedia":[{"embeddable":true,"href":"http:\/\/palabrasdevida.com\/systemproword\/wp-json\/wp\/v2\/media\/152"}],"wp:attachment":[{"href":"http:\/\/palabrasdevida.com\/systemproword\/wp-json\/wp\/v2\/media?parent=13"}],"curies":[{"name":"wp","href":"https:\/\/api.w.org\/{rel}","templated":true}]}}