{"id":19,"date":"2024-06-26T15:06:21","date_gmt":"2024-06-26T15:06:21","guid":{"rendered":"http:\/\/palabrasdevida.com\/systemproword\/?page_id=19"},"modified":"2024-09-10T19:14:14","modified_gmt":"2024-09-10T19:14:14","slug":"estudios","status":"publish","type":"page","link":"http:\/\/palabrasdevida.com\/systemproword\/estudios\/","title":{"rendered":"Estudios"},"content":{"rendered":"\n<p>Si est\u00e1s buscando acercarte al conocimiento de Dios, est\u00e1s en el lugar exacto.<\/p>\n\n\n\n<p>Encontrar\u00e1s tres clases de Estudios B\u00edblicos creados por Palabras de Vida:<br>1.- <strong>Estudios Reflexivos Breves &#8211; ER.<\/strong><br>2.- <strong>Estudios B\u00edblicos Simplificados &#8211; EB.<\/strong><br>3.- <strong>Estudios B\u00edblicos Avanzados &#8211; EBA.<\/strong><\/p>\n\n\n\n<p>Cada uno de ellos ha sido especialmente preparado para facilitar la comprensi\u00f3n b\u00edblica seg\u00fan tus conocimientos teol\u00f3gicos previos.<br>As\u00ed, una persona que reci\u00e9n comienza, deber\u00eda leer los Estudios Reflexivos &#8211; ER, pensados y redactados en un lenguaje coloquial y abreviado, de r\u00e1pida lectura.<\/p>\n\n\n\n<p>Si se trata de alguien que ya tiene conocimientos previos, ser\u00eda aconsejable que lea los Estudios B\u00edblicos Simplificados &#8211; EB, que contienen gran cantidad de citas b\u00edblicas y m\u00e1s explicaci\u00f3n en cada tema. Su tiempo de lectura es intermedio.<\/p>\n\n\n\n<p>Finalmente, si tienes conocimientos teol\u00f3gicos s\u00f3lidos, encontrar\u00e1s una fuente de inspiraci\u00f3n divina en nuestros Estudios B\u00edblicos Avanzados, donde se aplican reglas teol\u00f3gicas, estudios etimol\u00f3gicos, opiniones de estudiosos y eruditos de distintas corrientes doctrinarias y por supuesto, un s\u00f3lido fundamento b\u00edblico, que ha sido siempre la base de las ense\u00f1anzas de Palabras de Vida.<\/p>\n\n\n\n<p>Rogamos a Dios para que ilumine tu entendimiento y nos permita ser de bendici\u00f3n en tu vida.<br>Gracias por visitarnos.<br><br>Cualquier duda o inquietud, no dejes de contactarnos.<\/p>\n\n\n\n<p>\u00abQue la paz y la abundancia que encontramos en Jes\u00fas llenen tu vida\u201d.<br>Te saluda con amor fraternal, <strong>Daniel Liandro.<\/strong><br><em>En todo tiempo ama el amigo,<br>Y es como un hermano en tiempo de angustia.<\/em><br>(Proverbios 17:17)<\/p>\n","protected":false},"excerpt":{"rendered":"<p>Si est\u00e1s buscando acercarte al conocimiento de Dios, est\u00e1s en el lugar exacto. Encontrar\u00e1s tres clases de Estudios B\u00edblicos creados [&hellip;]<\/p>\n","protected":false},"author":2,"featured_media":0,"parent":0,"menu_order":0,"comment_status":"closed","ping_status":"closed","template":"","meta":{"site-sidebar-layout":"default","site-content-layout":"","ast-site-content-layout":"default","site-content-style":"default","site-sidebar-style":"default","ast-global-header-display":"","ast-banner-title-visibility":"","ast-main-header-display":"","ast-hfb-above-header-display":"","ast-hfb-below-header-display":"","ast-hfb-mobile-header-display":"","site-post-title":"","ast-breadcrumbs-content":"","ast-featured-img":"","footer-sml-layout":"","ast-disable-related-posts":"","theme-transparent-header-meta":"","adv-header-id-meta":"","stick-header-meta":"","header-above-stick-meta":"","header-main-stick-meta":"","header-below-stick-meta":"","astra-migrate-meta-layouts":"default","ast-page-background-enabled":"default","ast-page-background-meta":{"desktop":{"background-color":"var(--ast-global-color-4)","background-image":"","background-repeat":"repeat","background-position":"center center","background-size":"auto","background-attachment":"scroll","background-type":"","background-media":"","overlay-type":"","overlay-color":"","overlay-opacity":"","overlay-gradient":""},"tablet":{"background-color":"","background-image":"","background-repeat":"repeat","background-position":"center center","background-size":"auto","background-attachment":"scroll","background-type":"","background-media":"","overlay-type":"","overlay-color":"","overlay-opacity":"","overlay-gradient":""},"mobile":{"background-color":"","background-image":"","background-repeat":"repeat","background-position":"center center","background-size":"auto","background-attachment":"scroll","background-type":"","background-media":"","overlay-type":"","overlay-color":"","overlay-opacity":"","overlay-gradient":""}},"ast-content-background-meta":{"desktop":{"background-color":"var(--ast-global-color-5)","background-image":"","background-repeat":"repeat","background-position":"center center","background-size":"auto","background-attachment":"scroll","background-type":"","background-media":"","overlay-type":"","overlay-color":"","overlay-opacity":"","overlay-gradient":""},"tablet":{"background-color":"var(--ast-global-color-5)","background-image":"","background-repeat":"repeat","background-position":"center center","background-size":"auto","background-attachment":"scroll","background-type":"","background-media":"","overlay-type":"","overlay-color":"","overlay-opacity":"","overlay-gradient":""},"mobile":{"background-color":"var(--ast-global-color-5)","background-image":"","background-repeat":"repeat","background-position":"center center","background-size":"auto","background-attachment":"scroll","background-type":"","background-media":"","overlay-type":"","overlay-color":"","overlay-opacity":"","overlay-gradient":""}},"footnotes":""},"class_list":["post-19","page","type-page","status-publish","hentry"],"_links":{"self":[{"href":"http:\/\/palabrasdevida.com\/systemproword\/wp-json\/wp\/v2\/pages\/19","targetHints":{"allow":["GET"]}}],"collection":[{"href":"http:\/\/palabrasdevida.com\/systemproword\/wp-json\/wp\/v2\/pages"}],"about":[{"href":"http:\/\/palabrasdevida.com\/systemproword\/wp-json\/wp\/v2\/types\/page"}],"author":[{"embeddable":true,"href":"http:\/\/palabrasdevida.com\/systemproword\/wp-json\/wp\/v2\/users\/2"}],"replies":[{"embeddable":true,"href":"http:\/\/palabrasdevida.com\/systemproword\/wp-json\/wp\/v2\/comments?post=19"}],"version-history":[{"count":11,"href":"http:\/\/palabrasdevida.com\/systemproword\/wp-json\/wp\/v2\/pages\/19\/revisions"}],"predecessor-version":[{"id":298,"href":"http:\/\/palabrasdevida.com\/systemproword\/wp-json\/wp\/v2\/pages\/19\/revisions\/298"}],"wp:attachment":[{"href":"http:\/\/palabrasdevida.com\/systemproword\/wp-json\/wp\/v2\/media?parent=19"}],"curies":[{"name":"wp","href":"https:\/\/api.w.org\/{rel}","templated":true}]}}