{"id":21,"date":"2024-06-26T15:06:35","date_gmt":"2024-06-26T15:06:35","guid":{"rendered":"http:\/\/palabrasdevida.com\/systemproword\/?page_id=21"},"modified":"2024-09-03T23:25:38","modified_gmt":"2024-09-03T23:25:38","slug":"testimonios","status":"publish","type":"page","link":"http:\/\/palabrasdevida.com\/systemproword\/testimonios\/","title":{"rendered":"Testimonios"},"content":{"rendered":"\n<p>Dijo nuestro Se\u00f1or Jesucristo: \u201c&#8230; <em>y me ser\u00e9is testigos&#8230; hasta lo \u00faltimo de la tierra<\/em>\u201d.<br>Hechos 1:8 (RVA).<\/p>\n\n\n\n<p>En esta secci\u00f3n encontrar\u00e1s relatos testimoniales de hermanos en Cristo de todo el mundo que dan fe de la presencia y existencia de Dios en sus vidas.<\/p>\n\n\n\n<p><strong>\u00bfDeseas compartir tu testimonio?<\/strong><br>Env\u00edalo\u00a0<a href=\"http:\/\/www.palabrasdevida.com\/htmlv\/contacto.htm\"><strong>AQU\u00cd.<\/strong><\/a>\u00a0<br>En formato Word (m\u00e1ximo una hoja. Gracias). <br>An\u00edmate, tu testimonio es muy importante.\u00a0<\/p>\n\n\n<div class=\"pdf-manager-list\"><table class=\"pdf-list-table\" style=\"width: 100%; border-collapse: collapse;\"><thead><tr><th style=\"border: 1px solid #ddd; padding: 8px;\">T\u00edtulo<\/th><th style=\"border: 1px solid #ddd; padding: 8px;\">Autor<\/th><th style=\"border: 1px solid #ddd; padding: 8px;\">Archivos<\/th><th style=\"border: 1px solid #ddd; padding: 8px;\">Acciones<\/th><\/tr><\/thead><tbody><tr><td style=\"border: 1px solid #ddd; padding: 8px; background-color: #E6F3FF;\"><strong>La cut\u00edcula del dedo me\u00f1ique<\/strong><\/td><td style=\"border: 1px solid #ddd; padding: 8px;  text-align: center; background-color: #E6F3FF;\">Daniel Liandro<\/td><td style=\"border: 1px solid #ddd; padding: 8px; text-align: center; background-color: #E6F3FF;\">\r\n                <a href=\"http:\/\/palabrasdevida.com\/systemproword\/wp-content\/uploads\/pdfs\/La%20cut\u00edcula%20del%20dedo%20me\u00f1ique.pdf\" target=\"_blank\" class=\"button button-primary\" style=\"text-align: center; padding: 4px 8px; line-height: 1.5; font-size: 16px;\">Ver archivo<\/a>\r\n            <\/td><td style=\"border: 1px solid #ddd; padding: 8px; text-align: center; background-color: #E6F3FF;\">\r\n                <a href=\"http:\/\/palabrasdevida.com\/systemproword\/wp-content\/uploads\/pdfs\/La%20cut\u00edcula%20del%20dedo%20me\u00f1ique.pdf\" class=\"button button-primary\" download style=\"text-align: center; padding: 4px 8px; line-height: 1.5; font-size: 16px;\">Descargar PDF<\/a>\r\n            <\/td><\/tr><tr><td colspan=\"5\" style=\"border: 1px solid #ddd; padding: 8px;\"><p>Hace a\u00f1os, en una reuni\u00f3n de nuestra congregaci\u00f3n, nuestro pastor lanz\u00f3 una pregunta al aire: \\&quot;Si pudieras elegir ser una parte del Cuerpo de Cristo, \u00bfcu\u00e1l ser\u00edas?\\&quot;. Las respuestas comenzaron a fluir. Algunos, con una sonrisa p\u00edcara, eligieron \\&quot;la cabeza\\&quot;; otros, con un sentir m\u00e1s profundo, \\&quot;el coraz\u00f3n\\&quot;. Cuando lleg\u00f3 mi turno, no habl\u00e9 por una elecci\u00f3n del momento, sino desde una convicci\u00f3n que llevaba a\u00f1os arraigada en mi ser.<\/p><\/td><\/tr><tr><td style=\"border: 1px solid #ddd; padding: 8px; background-color: #E6F3FF;\"><strong>Protegidos por la Mano de Dios<\/strong><\/td><td style=\"border: 1px solid #ddd; padding: 8px;  text-align: center; background-color: #E6F3FF;\">Daniel Liandro<\/td><td style=\"border: 1px solid #ddd; padding: 8px; text-align: center; background-color: #E6F3FF;\">\r\n                <a href=\"http:\/\/palabrasdevida.com\/systemproword\/wp-content\/uploads\/pdfs\/Protegidos%20por%20la%20Mano%20de%20Dios.pdf\" target=\"_blank\" class=\"button button-primary\" style=\"text-align: center; padding: 4px 8px; line-height: 1.5; font-size: 16px;\">Ver archivo<\/a>\r\n            <\/td><td style=\"border: 1px solid #ddd; padding: 8px; text-align: center; background-color: #E6F3FF;\">\r\n                <a href=\"http:\/\/palabrasdevida.com\/systemproword\/wp-content\/uploads\/pdfs\/Protegidos%20por%20la%20Mano%20de%20Dios.pdf\" class=\"button button-primary\" download style=\"text-align: center; padding: 4px 8px; line-height: 1.5; font-size: 16px;\">Descargar PDF<\/a>\r\n            <\/td><\/tr><tr><td colspan=\"5\" style=\"border: 1px solid #ddd; padding: 8px;\"><p>Conozco muy bien el peligro de ese lugar. El hijo de un amigo de mi familia muri\u00f3 all\u00ed, v\u00edctima de una trampa similar a la que Daniela y yo est\u00e1bamos a punto de caer... incre\u00edblemente, por mi propio descuido.<\/p><\/td><\/tr><tr><td style=\"border: 1px solid #ddd; padding: 8px; background-color: #E6F3FF;\"><strong>Amo la Vida<\/strong><\/td><td style=\"border: 1px solid #ddd; padding: 8px;  text-align: center; background-color: #E6F3FF;\">Daniel Liandro<\/td><td style=\"border: 1px solid #ddd; padding: 8px; text-align: center; background-color: #E6F3FF;\">\r\n                <a href=\"http:\/\/palabrasdevida.com\/systemproword\/wp-content\/uploads\/pdfs\/Amo%20la%20Vida.pdf\" target=\"_blank\" class=\"button button-primary\" style=\"text-align: center; padding: 4px 8px; line-height: 1.5; font-size: 16px;\">Ver archivo<\/a>\r\n            <\/td><td style=\"border: 1px solid #ddd; padding: 8px; text-align: center; background-color: #E6F3FF;\">\r\n                <a href=\"http:\/\/palabrasdevida.com\/systemproword\/wp-content\/uploads\/pdfs\/Amo%20la%20Vida.pdf\" class=\"button button-primary\" download style=\"text-align: center; padding: 4px 8px; line-height: 1.5; font-size: 16px;\">Descargar PDF<\/a>\r\n            <\/td><\/tr><tr><td colspan=\"5\" style=\"border: 1px solid #ddd; padding: 8px;\"><p>De pronto, aparece frente a m\u00ed un auto al que parec\u00eda que nada impedir\u00eda que yo lo embistiera justamente en el medio, en la puerta del conductor. Yo continuaba luchando con la direcci\u00f3n, pero todo segu\u00eda siendo in\u00fatil. Mis casi 30 a\u00f1os de experiencia conduciendo parec\u00edan no servir para nada. No pod\u00eda lograr que el volante respondiera a mis maniobras. Y cuando comprend\u00ed que irremediablemente atropellar\u00eda a aquel inocente conductor, no pude contener mi angustia e hice lo que nunca hab\u00eda hecho: \\&quot;CERR\u00c9 MIS OJOS Y DESDE LO M\u00c1S PROFUNDO DE MI CORAZ\u00d3N BROT\u00d3 UN GRITO DE DESESPERACI\u00d3N: DIOS !!!\\&quot;<\/p><\/td><\/tr><tr><td style=\"border: 1px solid #ddd; padding: 8px; background-color: #E6F3FF;\"><strong>La Fidelidad de Cristo<\/strong><\/td><td style=\"border: 1px solid #ddd; padding: 8px;  text-align: center; background-color: #E6F3FF;\">Daniela Liandro<\/td><td style=\"border: 1px solid #ddd; padding: 8px; text-align: center; background-color: #E6F3FF;\">\r\n                <a href=\"http:\/\/palabrasdevida.com\/systemproword\/wp-content\/uploads\/pdfs\/La%20Fidelidad%20de%20Cristo.pdf\" target=\"_blank\" class=\"button button-primary\" style=\"text-align: center; padding: 4px 8px; line-height: 1.5; font-size: 16px;\">Ver archivo<\/a>\r\n            <\/td><td style=\"border: 1px solid #ddd; padding: 8px; text-align: center; background-color: #E6F3FF;\">\r\n                <a href=\"http:\/\/palabrasdevida.com\/systemproword\/wp-content\/uploads\/pdfs\/La%20Fidelidad%20de%20Cristo.pdf\" class=\"button button-primary\" download style=\"text-align: center; padding: 4px 8px; line-height: 1.5; font-size: 16px;\">Descargar PDF<\/a>\r\n            <\/td><\/tr><tr><td colspan=\"5\" style=\"border: 1px solid #ddd; padding: 8px;\"><p>\\\\\\&quot;En un mundo lleno de incertidumbre y peligros, \u00bfc\u00f3mo podemos encontrar la seguridad y la protecci\u00f3n que necesitamos? La respuesta se encuentra en la fidelidad de Cristo. En este testimonio, Daniela y Daniel Liandro comparten su experiencia personal de c\u00f3mo la fidelidad de Cristo los libr\u00f3 de un situaci\u00f3n de peligro y les dio la victoria. A trav\u00e9s de su historia, descubrir\u00e1s c\u00f3mo la presencia de Dios puede cambiar cualquier circunstancia y c\u00f3mo su fidelidad es la roca sobre la que podemos construir nuestra fe. Prep\u00e1rate para ser inspirado y fortalecido por este testimonio de la fidelidad de Cristo.\\\\\\&quot;<\/p><\/td><\/tr><tr><td style=\"border: 1px solid #ddd; padding: 8px; background-color: #E6F3FF;\"><strong>Mellizos en peligro<\/strong><\/td><td style=\"border: 1px solid #ddd; padding: 8px;  text-align: center; background-color: #E6F3FF;\">Daniel Liandro<\/td><td style=\"border: 1px solid #ddd; padding: 8px; text-align: center; background-color: #E6F3FF;\">\r\n                <a href=\"http:\/\/palabrasdevida.com\/systemproword\/wp-content\/uploads\/pdfs\/Mellizos%20en%20peligro.pdf\" target=\"_blank\" class=\"button button-primary\" style=\"text-align: center; padding: 4px 8px; line-height: 1.5; font-size: 16px;\">Ver archivo<\/a>\r\n            <\/td><td style=\"border: 1px solid #ddd; padding: 8px; text-align: center; background-color: #E6F3FF;\">\r\n                <a href=\"http:\/\/palabrasdevida.com\/systemproword\/wp-content\/uploads\/pdfs\/Mellizos%20en%20peligro.pdf\" class=\"button button-primary\" download style=\"text-align: center; padding: 4px 8px; line-height: 1.5; font-size: 16px;\">Descargar PDF<\/a>\r\n            <\/td><\/tr><tr><td colspan=\"5\" style=\"border: 1px solid #ddd; padding: 8px;\"><p>Sentado en la sala de espera estaba aquel hombre, Rodolfo, que apenas tres d\u00edas atr\u00e1s hab\u00eda concurrido a mi escriban\u00eda y se hab\u00eda llevado en sus brazos a dos mellizos que acababa de adoptar, y yo hab\u00eda sido el notario que legaliz\u00f3 la adopci\u00f3n en cuesti\u00f3n. Ninguno de nosotros imagin\u00f3 jam\u00e1s que enfrent\u00e1bamos un juicio penal por tr\u00e1fico de beb\u00e9s.<\/p><\/td><\/tr><\/tbody><\/table><\/div>\n\n\n\n<p><\/p>\n","protected":false},"excerpt":{"rendered":"<p>Dijo nuestro Se\u00f1or Jesucristo: \u201c&#8230; y me ser\u00e9is testigos&#8230; hasta lo \u00faltimo de la tierra\u201d.Hechos 1:8 (RVA). En esta secci\u00f3n [&hellip;]<\/p>\n","protected":false},"author":2,"featured_media":0,"parent":0,"menu_order":0,"comment_status":"closed","ping_status":"closed","template":"","meta":{"site-sidebar-layout":"default","site-content-layout":"","ast-site-content-layout":"default","site-content-style":"default","site-sidebar-style":"default","ast-global-header-display":"","ast-banner-title-visibility":"","ast-main-header-display":"","ast-hfb-above-header-display":"","ast-hfb-below-header-display":"","ast-hfb-mobile-header-display":"","site-post-title":"","ast-breadcrumbs-content":"","ast-featured-img":"","footer-sml-layout":"","ast-disable-related-posts":"","theme-transparent-header-meta":"","adv-header-id-meta":"","stick-header-meta":"","header-above-stick-meta":"","header-main-stick-meta":"","header-below-stick-meta":"","astra-migrate-meta-layouts":"default","ast-page-background-enabled":"default","ast-page-background-meta":{"desktop":{"background-color":"var(--ast-global-color-4)","background-image":"","background-repeat":"repeat","background-position":"center center","background-size":"auto","background-attachment":"scroll","background-type":"","background-media":"","overlay-type":"","overlay-color":"","overlay-opacity":"","overlay-gradient":""},"tablet":{"background-color":"","background-image":"","background-repeat":"repeat","background-position":"center center","background-size":"auto","background-attachment":"scroll","background-type":"","background-media":"","overlay-type":"","overlay-color":"","overlay-opacity":"","overlay-gradient":""},"mobile":{"background-color":"","background-image":"","background-repeat":"repeat","background-position":"center center","background-size":"auto","background-attachment":"scroll","background-type":"","background-media":"","overlay-type":"","overlay-color":"","overlay-opacity":"","overlay-gradient":""}},"ast-content-background-meta":{"desktop":{"background-color":"var(--ast-global-color-5)","background-image":"","background-repeat":"repeat","background-position":"center center","background-size":"auto","background-attachment":"scroll","background-type":"","background-media":"","overlay-type":"","overlay-color":"","overlay-opacity":"","overlay-gradient":""},"tablet":{"background-color":"var(--ast-global-color-5)","background-image":"","background-repeat":"repeat","background-position":"center center","background-size":"auto","background-attachment":"scroll","background-type":"","background-media":"","overlay-type":"","overlay-color":"","overlay-opacity":"","overlay-gradient":""},"mobile":{"background-color":"var(--ast-global-color-5)","background-image":"","background-repeat":"repeat","background-position":"center center","background-size":"auto","background-attachment":"scroll","background-type":"","background-media":"","overlay-type":"","overlay-color":"","overlay-opacity":"","overlay-gradient":""}},"footnotes":""},"class_list":["post-21","page","type-page","status-publish","hentry"],"_links":{"self":[{"href":"http:\/\/palabrasdevida.com\/systemproword\/wp-json\/wp\/v2\/pages\/21","targetHints":{"allow":["GET"]}}],"collection":[{"href":"http:\/\/palabrasdevida.com\/systemproword\/wp-json\/wp\/v2\/pages"}],"about":[{"href":"http:\/\/palabrasdevida.com\/systemproword\/wp-json\/wp\/v2\/types\/page"}],"author":[{"embeddable":true,"href":"http:\/\/palabrasdevida.com\/systemproword\/wp-json\/wp\/v2\/users\/2"}],"replies":[{"embeddable":true,"href":"http:\/\/palabrasdevida.com\/systemproword\/wp-json\/wp\/v2\/comments?post=21"}],"version-history":[{"count":19,"href":"http:\/\/palabrasdevida.com\/systemproword\/wp-json\/wp\/v2\/pages\/21\/revisions"}],"predecessor-version":[{"id":244,"href":"http:\/\/palabrasdevida.com\/systemproword\/wp-json\/wp\/v2\/pages\/21\/revisions\/244"}],"wp:attachment":[{"href":"http:\/\/palabrasdevida.com\/systemproword\/wp-json\/wp\/v2\/media?parent=21"}],"curies":[{"name":"wp","href":"https:\/\/api.w.org\/{rel}","templated":true}]}}