{"id":23,"date":"2024-06-26T15:06:50","date_gmt":"2024-06-26T15:06:50","guid":{"rendered":"http:\/\/palabrasdevida.com\/systemproword\/?page_id=23"},"modified":"2025-04-10T17:53:30","modified_gmt":"2025-04-10T17:53:30","slug":"descargas","status":"publish","type":"page","link":"http:\/\/palabrasdevida.com\/systemproword\/descargas\/","title":{"rendered":"Descargas"},"content":{"rendered":"\n<p>Nuestro Ministerio se fundamenta en el estudio diligente, fiel y respetuoso de la Palabra de Dios. Y para lograrlo, utilizamos a diario estas herramientas que te recomendamos con seguridad y confianza:<\/p>\n\n\n\n<figure class=\"wp-block-table\"><table class=\"has-fixed-layout\"><tbody><tr><td class=\"has-text-align-center\" data-align=\"center\"><strong>Una Herramienta B\u00edblica Completa<\/strong><br><br><a href=\"https:\/\/www.e-sword.net\" target=\"_blank\" rel=\"noreferrer noopener\"><img loading=\"lazy\" decoding=\"async\" width=\"150\" height=\"59\" class=\"wp-image-366\" style=\"width: 150px;\" src=\"http:\/\/palabrasdevida.com\/systemproword\/wp-content\/uploads\/2025\/04\/Esword-Logo.jpg\" alt=\"\" srcset=\"http:\/\/palabrasdevida.com\/systemproword\/wp-content\/uploads\/2025\/04\/Esword-Logo.jpg 337w, http:\/\/palabrasdevida.com\/systemproword\/wp-content\/uploads\/2025\/04\/Esword-Logo-300x118.jpg 300w\" sizes=\"auto, (max-width: 150px) 100vw, 150px\" \/><\/a><\/td><td class=\"has-text-align-center\" data-align=\"center\"><strong>Una Biblioteca B\u00edblica en la Palma de tu Mano<\/strong><br><br><a href=\"https:\/\/www.mysword.info\" target=\"_blank\" rel=\"noreferrer noopener\"><img loading=\"lazy\" decoding=\"async\" width=\"150\" height=\"63\" class=\"wp-image-367\" style=\"width: 150px;\" src=\"http:\/\/palabrasdevida.com\/systemproword\/wp-content\/uploads\/2025\/04\/mysword_logo_2.png\" alt=\"\"><\/a><\/td><\/tr><tr><td class=\"has-text-align-center\" data-align=\"center\"><strong>e-Sword<\/strong>\u00a0es un programa b\u00edblico gratuito y de c\u00f3digo abierto que ofrece una amplia gama de recursos para el estudio de la Biblia. Con\u00a0<strong>e-Sword<\/strong>, los usuarios pueden acceder a m\u00faltiples versiones b\u00edblicas, incluyendo la\u00a0<strong>Reina Valera 1960<\/strong>,\u00a0<strong>NVI<\/strong>,\u00a0<strong>RVR1995<\/strong>, entre otras. Adem\u00e1s, cuenta con una variedad de comentarios b\u00edblicos, diccionarios, atlas, mapas y otros recursos que facilitan la comprensi\u00f3n y el an\u00e1lisis de la Palabra de Dios.\u00a0<strong>e-Sword<\/strong>\u00a0tambi\u00e9n permite a los usuarios crear sus propias notas, destacar textos y guardar sus estudios para futuras referencias. Su interfaz intuitiva y f\u00e1cil de usar lo hace accesible para usuarios de todos los niveles.<\/td><td class=\"has-text-align-center\" data-align=\"center\"><strong>MySword<\/strong>\u00a0es una aplicaci\u00f3n b\u00edblica gratuita para dispositivos m\u00f3viles que ofrece una amplia biblioteca de recursos para el estudio de la Biblia. Con\u00a0<strong>MySword<\/strong>, los usuarios pueden acceder a m\u00faltiples versiones b\u00edblicas, comentarios, diccionarios, atlas y otros recursos en cualquier momento y lugar. La aplicaci\u00f3n permite a los usuarios crear sus propias notas, destacar textos y guardar sus estudios para futuras referencias.\u00a0<strong>MySword<\/strong>\u00a0tambi\u00e9n cuenta con una funci\u00f3n de b\u00fasqueda avanzada que permite a los usuarios encontrar pasajes y temas espec\u00edficos de manera r\u00e1pida y eficiente. Adem\u00e1s, la aplicaci\u00f3n es personalizable, lo que permite a los usuarios adaptarla a sus necesidades y preferencias.\u00a0<strong>MySword<\/strong>\u00a0es una herramienta ideal para pastores, l\u00edderes de estudio b\u00edblico, estudiantes de teolog\u00eda y cualquier persona que desee profundizar en la Palabra de Dios de manera conveniente y accesible.<\/td><\/tr><tr><td class=\"has-text-align-center\" data-align=\"center\"><a href=\"https:\/\/www.e-sword.net\">https:\/\/www.e-sword.net<\/a><\/td><td class=\"has-text-align-center\" data-align=\"center\"><a href=\"https:\/\/www.mysword.info\">https:\/\/www.mysword.info<\/a><\/td><\/tr><\/tbody><\/table><\/figure>\n\n\n\n<p>\u00abQue la paz y la abundancia que encontramos en Jes\u00fas llenen tu vida\u201d.<br>Te saluda con amor fraternal, <strong>Daniel Liandro.<\/strong><br><em>En todo tiempo ama el amigo,<br>Y es como un hermano en tiempo de angustia.<\/em><br>(Proverbios 17:17)<\/p>\n\n\n\n<p><\/p>\n","protected":false},"excerpt":{"rendered":"<p>Nuestro Ministerio se fundamenta en el estudio diligente, fiel y respetuoso de la Palabra de Dios. Y para lograrlo, utilizamos [&hellip;]<\/p>\n","protected":false},"author":2,"featured_media":0,"parent":0,"menu_order":0,"comment_status":"closed","ping_status":"closed","template":"","meta":{"site-sidebar-layout":"default","site-content-layout":"","ast-site-content-layout":"default","site-content-style":"default","site-sidebar-style":"default","ast-global-header-display":"","ast-banner-title-visibility":"","ast-main-header-display":"","ast-hfb-above-header-display":"","ast-hfb-below-header-display":"","ast-hfb-mobile-header-display":"","site-post-title":"","ast-breadcrumbs-content":"","ast-featured-img":"","footer-sml-layout":"","ast-disable-related-posts":"","theme-transparent-header-meta":"","adv-header-id-meta":"","stick-header-meta":"","header-above-stick-meta":"","header-main-stick-meta":"","header-below-stick-meta":"","astra-migrate-meta-layouts":"default","ast-page-background-enabled":"default","ast-page-background-meta":{"desktop":{"background-color":"var(--ast-global-color-4)","background-image":"","background-repeat":"repeat","background-position":"center center","background-size":"auto","background-attachment":"scroll","background-type":"","background-media":"","overlay-type":"","overlay-color":"","overlay-opacity":"","overlay-gradient":""},"tablet":{"background-color":"","background-image":"","background-repeat":"repeat","background-position":"center center","background-size":"auto","background-attachment":"scroll","background-type":"","background-media":"","overlay-type":"","overlay-color":"","overlay-opacity":"","overlay-gradient":""},"mobile":{"background-color":"","background-image":"","background-repeat":"repeat","background-position":"center center","background-size":"auto","background-attachment":"scroll","background-type":"","background-media":"","overlay-type":"","overlay-color":"","overlay-opacity":"","overlay-gradient":""}},"ast-content-background-meta":{"desktop":{"background-color":"var(--ast-global-color-5)","background-image":"","background-repeat":"repeat","background-position":"center center","background-size":"auto","background-attachment":"scroll","background-type":"","background-media":"","overlay-type":"","overlay-color":"","overlay-opacity":"","overlay-gradient":""},"tablet":{"background-color":"var(--ast-global-color-5)","background-image":"","background-repeat":"repeat","background-position":"center center","background-size":"auto","background-attachment":"scroll","background-type":"","background-media":"","overlay-type":"","overlay-color":"","overlay-opacity":"","overlay-gradient":""},"mobile":{"background-color":"var(--ast-global-color-5)","background-image":"","background-repeat":"repeat","background-position":"center center","background-size":"auto","background-attachment":"scroll","background-type":"","background-media":"","overlay-type":"","overlay-color":"","overlay-opacity":"","overlay-gradient":""}},"footnotes":""},"class_list":["post-23","page","type-page","status-publish","hentry"],"_links":{"self":[{"href":"http:\/\/palabrasdevida.com\/systemproword\/wp-json\/wp\/v2\/pages\/23","targetHints":{"allow":["GET"]}}],"collection":[{"href":"http:\/\/palabrasdevida.com\/systemproword\/wp-json\/wp\/v2\/pages"}],"about":[{"href":"http:\/\/palabrasdevida.com\/systemproword\/wp-json\/wp\/v2\/types\/page"}],"author":[{"embeddable":true,"href":"http:\/\/palabrasdevida.com\/systemproword\/wp-json\/wp\/v2\/users\/2"}],"replies":[{"embeddable":true,"href":"http:\/\/palabrasdevida.com\/systemproword\/wp-json\/wp\/v2\/comments?post=23"}],"version-history":[{"count":5,"href":"http:\/\/palabrasdevida.com\/systemproword\/wp-json\/wp\/v2\/pages\/23\/revisions"}],"predecessor-version":[{"id":370,"href":"http:\/\/palabrasdevida.com\/systemproword\/wp-json\/wp\/v2\/pages\/23\/revisions\/370"}],"wp:attachment":[{"href":"http:\/\/palabrasdevida.com\/systemproword\/wp-json\/wp\/v2\/media?parent=23"}],"curies":[{"name":"wp","href":"https:\/\/api.w.org\/{rel}","templated":true}]}}