{"id":25,"date":"2024-06-26T15:07:06","date_gmt":"2024-06-26T15:07:06","guid":{"rendered":"http:\/\/palabrasdevida.com\/systemproword\/?page_id=25"},"modified":"2025-04-10T23:26:42","modified_gmt":"2025-04-10T23:26:42","slug":"contacto","status":"publish","type":"page","link":"http:\/\/palabrasdevida.com\/systemproword\/contacto\/","title":{"rendered":"Contacto"},"content":{"rendered":"\n<p>Puedes hacernos llegar tu consulta a trav\u00e9s de estos canales de comunicaci\u00f3n o completando el formulario adjunto.<br>Si quieres acercarnos un testimonio o reflexi\u00f3n, utiliza el formulario que te permitir\u00e1 cargar tu archivo.<br>En breve recibir\u00e1s nuestra contestaci\u00f3n.<br><strong>Dios te bendiga !!!<\/strong><\/p>\n\n\n\n<figure class=\"wp-block-table\"><table class=\"has-border-color has-ast-global-color-5-border-color has-fixed-layout\"><tbody><tr><td class=\"has-text-align-center\" data-align=\"center\"><a href=\"https:\/\/wa.me\/+5491137845752\"><img loading=\"lazy\" decoding=\"async\" width=\"250\" height=\"74\" class=\"wp-image-383\" style=\"width: 250px;\" src=\"http:\/\/palabrasdevida.com\/systemproword\/wp-content\/uploads\/2025\/04\/Whatsapp_pdev.jpg\" alt=\"\" srcset=\"http:\/\/palabrasdevida.com\/systemproword\/wp-content\/uploads\/2025\/04\/Whatsapp_pdev.jpg 413w, http:\/\/palabrasdevida.com\/systemproword\/wp-content\/uploads\/2025\/04\/Whatsapp_pdev-300x89.jpg 300w\" sizes=\"auto, (max-width: 250px) 100vw, 250px\" \/><\/a><\/td><td class=\"has-text-align-center\" data-align=\"center\"><a href=\"mailto:info@palabrasdevida.com\"><img loading=\"lazy\" decoding=\"async\" width=\"250\" height=\"79\" class=\"wp-image-385\" style=\"width: 250px;\" src=\"http:\/\/palabrasdevida.com\/systemproword\/wp-content\/uploads\/2025\/04\/info_pdev.jpg\" alt=\"\" srcset=\"http:\/\/palabrasdevida.com\/systemproword\/wp-content\/uploads\/2025\/04\/info_pdev.jpg 547w, http:\/\/palabrasdevida.com\/systemproword\/wp-content\/uploads\/2025\/04\/info_pdev-300x95.jpg 300w\" sizes=\"auto, (max-width: 250px) 100vw, 250px\" \/><\/a><\/td><\/tr><\/tbody><\/table><\/figure>\n\n\n\n<p class=\"has-border-color has-ast-global-color-5-border-color has-medium-font-size\"><strong>Formulario de contacto:<\/strong><\/p>\n\n\n\n<!DOCTYPE html>\n<html lang=\"es\">\n<head>\n    <meta charset=\"UTF-8\">\n    <meta name=\"viewport\" content=\"width=device-width, initial-scale=1.0\">\n    <title>Formulario de Contacto<\/title>\n    <link rel=\"stylesheet\" href=\"tu_estilo.css\"> <style>\n        \/* Estilos b\u00e1sicos en caso de no usar un framework *\/\n        .form-group {\n            margin-bottom: 15px;\n        }\n        label {\n            display: block;\n            margin-bottom: 5px;\n            font-weight: bold;\n        }\n        input[type=\"text\"],\n        input[type=\"email\"],\n        textarea,\n        input[type=\"file\"] {\n            width: 100%;\n            padding: 8px;\n            border: 1px solid #ccc;\n            border-radius: 4px;\n            box-sizing: border-box;\n        }\n        textarea {\n            resize: vertical;\n        }\n        button[type=\"submit\"] {\n            background-color: #007bff;\n            color: white;\n            padding: 10px 15px;\n            border: none;\n            border-radius: 4px;\n            cursor: pointer;\n        }\n        button[type=\"submit\"]:hover {\n            background-color: #0056b3;\n        }\n        .popup {\n            display: none;\n            position: fixed;\n            top: 50%;\n            left: 50%;\n            transform: translate(-50%, -50%);\n            background-color: rgba(0, 0, 0, 0.5);\n            width: 100%;\n            height: 100%;\n            justify-content: center;\n            align-items: center;\n        }\n        .popup-content {\n            background-color: white;\n            padding: 20px;\n            border-radius: 5px;\n            text-align: center;\n        }\n    <\/style>\n<\/head>\n<body>\n\n    <form id=\"contacto-form\" method=\"POST\" action=\"\/systemproword\/enviar_consulta.php\" enctype=\"multipart\/form-data\" onsubmit=\"onSubmit(e)\">\n        <div class=\"form-group\">\n            <label for=\"nombre\">Nombre<\/label>\n            <input type=\"text\" class=\"form-control\" id=\"nombre\" name=\"nombre\" placeholder=\"Ingresa tu nombre\" required>\n        <\/div>\n        <div class=\"form-group\">\n            <label for=\"pais\">Pa\u00eds<\/label>\n            <input type=\"text\" class=\"form-control\" id=\"pais\" name=\"pais\" placeholder=\"Ingresa tu pa\u00eds\" required>\n        <\/div>\n        <div class=\"form-group\">\n            <label for=\"email\">Email<\/label>\n            <input type=\"email\" class=\"form-control\" id=\"email\" name=\"email\" placeholder=\"Ingresa tu email\" required>\n        <\/div>\n\n        <div class=\"form-group\">\n            <label>\u00bfDeseas recibir una reflexi\u00f3n semanal por Whatsapp?<\/label><br>\n            <input type=\"radio\" id=\"reflexion_si\" name=\"reflexion\" value=\"si\" onclick=\"mostrarTelefono(true)\"> S\u00ed\n            <input type=\"radio\" id=\"reflexion_no\" name=\"reflexion\" value=\"no\" onclick=\"mostrarTelefono(false)\" checked> No\n        <\/div>\n\n        <div id=\"campo-telefono\" style=\"display:none;\">\n            <div class=\"form-group\">\n                <label for=\"telefono\">Tel\u00e9fono<\/label>\n                <input type=\"text\" class=\"form-control\" id=\"telefono\" name=\"telefono\" maxlength=\"25\" placeholder=\"Ingresa tu n\u00famero de tel\u00e9fono\">\n                <span style=\"display:inline-block;\">Los datos son confidenciales y PdeV no los compartir\u00e1 con nadie.<\/span>\n            <\/div>\n        <\/div>\n\n        <div class=\"form-group\">\n            <label for=\"mensaje\">Consulta<\/label>\n            <textarea class=\"form-control\" id=\"mensaje\" name=\"mensaje\" maxlength=\"500\" placeholder=\"Escribe tu consulta aqu\u00ed...\" required><\/textarea>\n            <div id=\"contador\">500 caracteres restantes<\/div>\n        <\/div>\n\n        <div class=\"form-group\">\n            <label for=\"archivo\">Enviar documentaci\u00f3n (m\u00e1x. 1MB)   &#8211;   Solo formatos: Word (doc o docx) o PDF. Gracias<\/label>\n            <input type=\"file\" class=\"form-control\" id=\"archivo\" name=\"archivo\" accept=\".pdf,.doc,.docx\">\n        <\/div>\n\n        <button type=\"submit\">Enviar<\/button>\n    <\/form>\n\n    <div id=\"popup\" class=\"popup\">\n        <div class=\"popup-content\">\n            <h3>Mensaje enviado correctamente<\/h3>\n            <p>Gracias por ponerte en contacto con nosotros.<\/p>\n        <\/div>\n    <\/div>\n\n    <script>\n        function mostrarTelefono(mostrar) {\n            var telefonoDiv = document.getElementById(\"campo-telefono\");\n            telefonoDiv.style.display = mostrar ? \"block\" : \"none\";\n        }\n\n        var mensajeInput = document.getElementById(\"mensaje\");\n        var contadorDiv = document.getElementById(\"contador\");\n        mensajeInput.addEventListener('input', function () {\n            var caracteresRestantes = 500 - mensajeInput.value.length;\n            contadorDiv.textContent = caracteresRestantes + \" caracteres restantes\";\n        });\n\n        async function onSubmit(e) {\n            e.preventDefault();\n            const token = await grecaptcha.execute('6LdYFz8qAAAAALu-m3SAwxQvI7C33UJn9Zhune1W', {action: 'submit'});\n            document.getElementById(\"contacto-form\").insertAdjacentHTML('beforeend', `<input type=\"hidden\" name=\"g-recaptcha-response\" value=\"${token}\">`);\n            document.getElementById(\"contacto-form\").submit();\n        }\n    <\/script>\n\n<\/body>\n<\/html>\n\n\n\n<p><\/p>\n\n\n\n<p><\/p>\n\n\n\n<p>\u00abQue la paz y la abundancia que encontramos en Jes\u00fas llenen tu vida\u201d.<br>Te saluda con amor fraternal, <strong>Daniel Liandro.<\/strong><br><em>En todo tiempo ama el amigo,<br>Y es como un hermano en tiempo de angustia.<\/em><br>(Proverbios 17:17)<\/p>\n","protected":false},"excerpt":{"rendered":"<p>Puedes hacernos llegar tu consulta a trav\u00e9s de estos canales de comunicaci\u00f3n o completando el formulario adjunto.Si quieres acercarnos un [&hellip;]<\/p>\n","protected":false},"author":2,"featured_media":0,"parent":0,"menu_order":0,"comment_status":"closed","ping_status":"closed","template":"","meta":{"site-sidebar-layout":"default","site-content-layout":"","ast-site-content-layout":"default","site-content-style":"default","site-sidebar-style":"default","ast-global-header-display":"","ast-banner-title-visibility":"","ast-main-header-display":"","ast-hfb-above-header-display":"","ast-hfb-below-header-display":"","ast-hfb-mobile-header-display":"","site-post-title":"","ast-breadcrumbs-content":"","ast-featured-img":"","footer-sml-layout":"","ast-disable-related-posts":"","theme-transparent-header-meta":"","adv-header-id-meta":"","stick-header-meta":"","header-above-stick-meta":"","header-main-stick-meta":"","header-below-stick-meta":"","astra-migrate-meta-layouts":"default","ast-page-background-enabled":"default","ast-page-background-meta":{"desktop":{"background-color":"var(--ast-global-color-4)","background-image":"","background-repeat":"repeat","background-position":"center center","background-size":"auto","background-attachment":"scroll","background-type":"","background-media":"","overlay-type":"","overlay-color":"","overlay-opacity":"","overlay-gradient":""},"tablet":{"background-color":"","background-image":"","background-repeat":"repeat","background-position":"center center","background-size":"auto","background-attachment":"scroll","background-type":"","background-media":"","overlay-type":"","overlay-color":"","overlay-opacity":"","overlay-gradient":""},"mobile":{"background-color":"","background-image":"","background-repeat":"repeat","background-position":"center center","background-size":"auto","background-attachment":"scroll","background-type":"","background-media":"","overlay-type":"","overlay-color":"","overlay-opacity":"","overlay-gradient":""}},"ast-content-background-meta":{"desktop":{"background-color":"var(--ast-global-color-5)","background-image":"","background-repeat":"repeat","background-position":"center center","background-size":"auto","background-attachment":"scroll","background-type":"","background-media":"","overlay-type":"","overlay-color":"","overlay-opacity":"","overlay-gradient":""},"tablet":{"background-color":"var(--ast-global-color-5)","background-image":"","background-repeat":"repeat","background-position":"center center","background-size":"auto","background-attachment":"scroll","background-type":"","background-media":"","overlay-type":"","overlay-color":"","overlay-opacity":"","overlay-gradient":""},"mobile":{"background-color":"var(--ast-global-color-5)","background-image":"","background-repeat":"repeat","background-position":"center center","background-size":"auto","background-attachment":"scroll","background-type":"","background-media":"","overlay-type":"","overlay-color":"","overlay-opacity":"","overlay-gradient":""}},"footnotes":""},"class_list":["post-25","page","type-page","status-publish","hentry"],"_links":{"self":[{"href":"http:\/\/palabrasdevida.com\/systemproword\/wp-json\/wp\/v2\/pages\/25","targetHints":{"allow":["GET"]}}],"collection":[{"href":"http:\/\/palabrasdevida.com\/systemproword\/wp-json\/wp\/v2\/pages"}],"about":[{"href":"http:\/\/palabrasdevida.com\/systemproword\/wp-json\/wp\/v2\/types\/page"}],"author":[{"embeddable":true,"href":"http:\/\/palabrasdevida.com\/systemproword\/wp-json\/wp\/v2\/users\/2"}],"replies":[{"embeddable":true,"href":"http:\/\/palabrasdevida.com\/systemproword\/wp-json\/wp\/v2\/comments?post=25"}],"version-history":[{"count":39,"href":"http:\/\/palabrasdevida.com\/systemproword\/wp-json\/wp\/v2\/pages\/25\/revisions"}],"predecessor-version":[{"id":391,"href":"http:\/\/palabrasdevida.com\/systemproword\/wp-json\/wp\/v2\/pages\/25\/revisions\/391"}],"wp:attachment":[{"href":"http:\/\/palabrasdevida.com\/systemproword\/wp-json\/wp\/v2\/media?parent=25"}],"curies":[{"name":"wp","href":"https:\/\/api.w.org\/{rel}","templated":true}]}}