{"id":39,"date":"2024-06-26T17:08:09","date_gmt":"2024-06-26T17:08:09","guid":{"rendered":"http:\/\/palabrasdevida.com\/systemproword\/?page_id=39"},"modified":"2024-06-26T20:53:41","modified_gmt":"2024-06-26T20:53:41","slug":"jesucristo","status":"publish","type":"page","link":"http:\/\/palabrasdevida.com\/systemproword\/jesucristo\/","title":{"rendered":"Jesucristo"},"content":{"rendered":"\n<p><strong>\u00bfQUI\u00c9N ES JES\u00daS?<\/strong> <br><strong>Jes\u00fas es llamado en los evangelios de distintas formas:<br>Jes\u00fas de Nazaret<\/strong>: para describir al lugar donde proven\u00eda al nacer en Israel.<br><strong>Jes\u00fas hijo de David<\/strong>: que expresaba su ascendencia como parte de la familia del rey David.<br><strong>Jes\u00fas Hijo de Dios<\/strong>: nombre que reconoce su divinidad.<br><strong>Jes\u00fas el Cristo (o Jesucristo)<\/strong>: nombre que describe su tarea. <strong>Cristo<\/strong>\u00a0es la palabra griega equivalente a la hebrea Mes\u00edas, y ambas significan Enviado.<br>Vale decir que Jesucristo es el Enviado. Las Escrituras del Antiguo Testamento profetizaban que el Mes\u00edas o Enviado ser\u00eda el Salvador de los hombres.<\/p>\n\n\n\n<p><strong>\u00bfA QU\u00c9 SE DEDIC\u00d3 JES\u00daS?<\/strong><br>Seg\u00fan el Nuevo Testamento, Jes\u00fas dedic\u00f3 los tres \u00faltimos a\u00f1os de su vida terrena a ense\u00f1ar y predicar sobre el Reino de Dios, mostr\u00f3 en S\u00ed mismo c\u00f3mo era Dios, manifestando su amor y su anhelo de volver a relacionar a los hombres con Dios. Se enfrent\u00f3 a los religiosos de su \u00e9poca, que ten\u00edan a la gente dominada con el legalismo y el temor. Denunci\u00f3 la hipocres\u00eda religiosa de mostrar una cosa por fuera y ser otra por dentro, y vivi\u00f3 el tipo de vida que agrada a Dios.<\/p>\n\n\n\n<p><strong>\u00bfQU\u00c9 LE PAS\u00d3 A JES\u00daS?<\/strong><br>Es conocido casi por todos que muri\u00f3 crucificado. Y aunque en su muerte participaron los religiosos que lo resist\u00edan y los soldado romanos que en ese tiempo oprim\u00edan al pueblo jud\u00edo. Jes\u00fas no lleg\u00f3 a la cruz porque otros lo llevaron, sino porque \u00c9l mismo se entreg\u00f3 para dar cumplimiento a la voluntad de Dios: dar su vida en rescate por muchos.<br>Un texto del Nuevo Testamento dice as\u00ed:\u00a0\u00abEn esto Dios muestra su amor por nosotros, en que siendo a\u00fan pecadores, Cristo muri\u00f3 por nosotros\u00bb\u00a0(Romanos 5:8).<\/p>\n\n\n\n<p><strong>\u00bfPOR QU\u00c9 JES\u00daS ES TAN IMPORTANTE PARA NUESTRAS VIDAS?<\/strong><br>Mucha gente tiene un mal concepto acerca de Dios. Lo ve como un Dios lejano y castigador. Jes\u00fas destruy\u00f3 este concepto. Hizo a Dios, en S\u00ed mismo, cercano y amoroso.<br>Los milagros que se manifiestan en Jes\u00fas describen este inter\u00e9s profundo de Dios por nuestro bienestar.<br>Su muerte en nuestro lugar, muestra el tremendo precio que Dios pag\u00f3 para salvarnos.<br>Hay muchas formas de intentar relacionarnos con Dios, pero una sola de lograrlo: a trav\u00e9s de Jes\u00fas.<\/p>\n\n\n\n<p><strong>Jes\u00fas resucit\u00f3. Est\u00e1 vivo. \u00c9l es Dios y quiere relacionarse contigo.<\/strong><\/p>\n\n\n\n<p><strong>Jes\u00fas te ofrece un nuevo tiempo y una nueva forma de vida.<\/strong><\/p>\n\n\n\n<p><strong>\u00bfAcaso vas a desperdiciarla eternamente?<\/strong><\/p>\n\n\n\n<p><strong>Dios te bendiga !!!<\/strong><\/p>\n","protected":false},"excerpt":{"rendered":"<p>\u00bfQUI\u00c9N ES JES\u00daS? Jes\u00fas es llamado en los evangelios de distintas formas:Jes\u00fas de Nazaret: para describir al lugar donde proven\u00eda [&hellip;]<\/p>\n","protected":false},"author":2,"featured_media":0,"parent":0,"menu_order":0,"comment_status":"closed","ping_status":"closed","template":"","meta":{"site-sidebar-layout":"default","site-content-layout":"","ast-site-content-layout":"default","site-content-style":"default","site-sidebar-style":"default","ast-global-header-display":"","ast-banner-title-visibility":"","ast-main-header-display":"","ast-hfb-above-header-display":"","ast-hfb-below-header-display":"","ast-hfb-mobile-header-display":"","site-post-title":"","ast-breadcrumbs-content":"","ast-featured-img":"","footer-sml-layout":"","ast-disable-related-posts":"","theme-transparent-header-meta":"","adv-header-id-meta":"","stick-header-meta":"","header-above-stick-meta":"","header-main-stick-meta":"","header-below-stick-meta":"","astra-migrate-meta-layouts":"default","ast-page-background-enabled":"default","ast-page-background-meta":{"desktop":{"background-color":"var(--ast-global-color-4)","background-image":"","background-repeat":"repeat","background-position":"center center","background-size":"auto","background-attachment":"scroll","background-type":"","background-media":"","overlay-type":"","overlay-color":"","overlay-opacity":"","overlay-gradient":""},"tablet":{"background-color":"","background-image":"","background-repeat":"repeat","background-position":"center center","background-size":"auto","background-attachment":"scroll","background-type":"","background-media":"","overlay-type":"","overlay-color":"","overlay-opacity":"","overlay-gradient":""},"mobile":{"background-color":"","background-image":"","background-repeat":"repeat","background-position":"center center","background-size":"auto","background-attachment":"scroll","background-type":"","background-media":"","overlay-type":"","overlay-color":"","overlay-opacity":"","overlay-gradient":""}},"ast-content-background-meta":{"desktop":{"background-color":"var(--ast-global-color-5)","background-image":"","background-repeat":"repeat","background-position":"center center","background-size":"auto","background-attachment":"scroll","background-type":"","background-media":"","overlay-type":"","overlay-color":"","overlay-opacity":"","overlay-gradient":""},"tablet":{"background-color":"var(--ast-global-color-5)","background-image":"","background-repeat":"repeat","background-position":"center center","background-size":"auto","background-attachment":"scroll","background-type":"","background-media":"","overlay-type":"","overlay-color":"","overlay-opacity":"","overlay-gradient":""},"mobile":{"background-color":"var(--ast-global-color-5)","background-image":"","background-repeat":"repeat","background-position":"center center","background-size":"auto","background-attachment":"scroll","background-type":"","background-media":"","overlay-type":"","overlay-color":"","overlay-opacity":"","overlay-gradient":""}},"footnotes":""},"class_list":["post-39","page","type-page","status-publish","hentry"],"_links":{"self":[{"href":"http:\/\/palabrasdevida.com\/systemproword\/wp-json\/wp\/v2\/pages\/39","targetHints":{"allow":["GET"]}}],"collection":[{"href":"http:\/\/palabrasdevida.com\/systemproword\/wp-json\/wp\/v2\/pages"}],"about":[{"href":"http:\/\/palabrasdevida.com\/systemproword\/wp-json\/wp\/v2\/types\/page"}],"author":[{"embeddable":true,"href":"http:\/\/palabrasdevida.com\/systemproword\/wp-json\/wp\/v2\/users\/2"}],"replies":[{"embeddable":true,"href":"http:\/\/palabrasdevida.com\/systemproword\/wp-json\/wp\/v2\/comments?post=39"}],"version-history":[{"count":4,"href":"http:\/\/palabrasdevida.com\/systemproword\/wp-json\/wp\/v2\/pages\/39\/revisions"}],"predecessor-version":[{"id":99,"href":"http:\/\/palabrasdevida.com\/systemproword\/wp-json\/wp\/v2\/pages\/39\/revisions\/99"}],"wp:attachment":[{"href":"http:\/\/palabrasdevida.com\/systemproword\/wp-json\/wp\/v2\/media?parent=39"}],"curies":[{"name":"wp","href":"https:\/\/api.w.org\/{rel}","templated":true}]}}