{"id":42,"date":"2024-06-26T17:09:45","date_gmt":"2024-06-26T17:09:45","guid":{"rendered":"http:\/\/palabrasdevida.com\/systemproword\/?page_id=42"},"modified":"2025-04-10T18:12:40","modified_gmt":"2025-04-10T18:12:40","slug":"declaracion-de-fe","status":"publish","type":"page","link":"http:\/\/palabrasdevida.com\/systemproword\/declaracion-de-fe\/","title":{"rendered":"Declaraci\u00f3n de Fe"},"content":{"rendered":"\n<p><strong>Resumen de nuestra Fe<\/strong><br>Creemos y proclamamos que Jesucristo es el \u00fanico Se\u00f1or y Salvador, Dios hecho hombre, fundamento y cabeza de Su Iglesia. La Palabra de Dios, revelada en las Sagradas Escrituras, es nuestra \u00fanica autoridad suficiente e inerrante para la fe y la vida. Nos reconocemos como parte activa del Cuerpo de Cristo y afirmamos que hemos sido llamados a vivir en santidad, guiados por el Esp\u00edritu Santo, predicando el Evangelio de salvaci\u00f3n a todas las naciones, mientras esperamos con gozo Su regreso glorioso.<\/p>\n\n\n\n<p>Como creyentes, afirmamos nuestra identidad en Cristo, nuestra misi\u00f3n evangelizadora en este mundo y nuestra esperanza firme en la vida eterna que nos fue otorgada por gracia, mediante la fe.<br>Cada uno de los puntos que siguen expresan, de forma clara y comprometida, las verdades esenciales que sustentan nuestra doctrina, nuestro servicio y nuestra pasi\u00f3n por el Reino de Dios.<\/p>\n\n\n\n<p><strong>NUESTRA DECLARACION DE FE:<\/strong><\/p>\n\n\n\n<ul class=\"wp-block-list\">\n<li><strong>Creemos que todos los hombres est\u00e1n separados de Dios y necesitan nacer de nuevo por medio del Esp\u00edritu Santo<\/strong>, acto divino por el que la Gracia de Dios cambia la disposici\u00f3n dominante del alma humana haci\u00e9ndola santa. Este cambio se expresa a trav\u00e9s del ARREPENTIMIENTO, por el que se aborrece y abandona el pecado y a trav\u00e9s de la FE, por la que se recibe a Cristo.<a href=\"http:\/\/www.palabrasdevida.com\/htmlv\/declaracion_de_fe.html#CITAS%20B%C3%8DBLICAS:\">(<\/a>1<a href=\"http:\/\/www.palabrasdevida.com\/htmlv\/declaracion_de_fe.html#CITAS%20B%C3%8DBLICAS:\">)<\/a>&nbsp;&nbsp;El ser cristiano hace de Cristo el objeto de la fe. Se recibe a Cristo como Salvador y se sujeta a \u00c9l como Se\u00f1or.(2)<br><\/li>\n\n\n\n<li><strong>Aquellos que reciben a Cristo como Se\u00f1or y Salvador, pasan a formar parte del \u00abCuerpo de Cristo\u00bb<\/strong>, la Iglesia. Por el bautismo, los que han recibido la Palabra de Dios, esto es, los que creen, pasan a formar parte de una congregaci\u00f3n cuya misi\u00f3n y naturaleza son espirituales.(3)<br><\/li>\n\n\n\n<li>Por ser la salvaci\u00f3n un don de Dios y la obra de regeneraci\u00f3n una acci\u00f3n del Esp\u00edritu Santo,&nbsp;<strong>se da entre los creyentes el hecho de una verdadera igualdad en cuanto a la dignidad y acci\u00f3n<\/strong>.(4)&nbsp;Esta igualdad, junto con una enriquecedora variedad de dones dentro de la iglesia, hace posible que todos cooperen en la edificaci\u00f3n y desarrollo del \u00abCuerpo de Cristo\u00bb.(5)<br><\/li>\n\n\n\n<li>Ya que Cristo dijo&nbsp;\u00abvosotros sois la luz del mundo\u00bb&nbsp;y&nbsp;\u00abseparados de m\u00ed nada pod\u00e9is hacer\u00bb, el cristiano tiene importantes deberes que cumplir, siendo el primero mantener la uni\u00f3n y comuni\u00f3n con Cristo, para desarrollar y ejemplificar la vida nueva en Cristo. Esto se resume en&nbsp;AMAR A DIOS sobre todas las cosas y AL PR\u00d3JIMO como a si mismo.(6)<br><\/li>\n\n\n\n<li>Creemos en&nbsp;<strong>Dios en sus tres divinas personas:&nbsp;Padre, Hijo y Esp\u00edritu Santo.<\/strong>&nbsp;\u00c9l es nuestro \u00fanico objeto de culto y nuestro Se\u00f1or y gu\u00eda. Nuestras doctrinas no tienen otro fundamento que la Santa Biblia. La Palabra de Dios es nuestra \u00fanica regla de fe y conducta.<br><\/li>\n\n\n\n<li>Creemos que&nbsp;<strong>cada individuo es plenamente responsable ante Dios de la disposici\u00f3n que debe tomar ante el don de la salvaci\u00f3n.<\/strong>&nbsp;Que cada individuo puede comprender por si mismo el mensaje de salvaci\u00f3n y la Verdad, sin necesidad de sometimiento ciego a ninguna voluntad humana. S\u00f3lo el Se\u00f1or, a trav\u00e9s de su Santo Esp\u00edritu revela directamente la verdad al hombre por medio de Su Palabra. Adem\u00e1s, las iglesias, la predicaci\u00f3n y la literatura, pueden y deben ser instrumentos del Esp\u00edritu Santo para que la Verdad llegue al coraz\u00f3n y la mente humanos.(7)<br><\/li>\n\n\n\n<li>Creemos que&nbsp;<strong>est\u00e1 establecido que el hombre muera una vez y despu\u00e9s el juicio<\/strong>.(8)&nbsp;Creemos que siendo Dios el Juez, podemos confiar en Su justicia, existiendo \u00fanicamente dos destinos eternos: SALVACI\u00d3N, para los que creyendo en Cristo como \u00danico y suficiente Salvador, vivieron en consecuencia con su fe. CONDENACI\u00d3N, para los que rechazando el don de Dios, determinaron su propio destino.<\/li>\n<\/ul>\n\n\n\n<ul class=\"wp-block-list\">\n<li>Creemos que&nbsp;<strong>las iglesias est\u00e1n llamadas a realizar el \u00abministerio de la reconciliaci\u00f3n\u00bb<\/strong>, y cuando lo hacen, simb\u00f3licamente en las ordenanzas del Bautismo y Santa Cena y prof\u00e9ticamente con el ministerio de la predicaci\u00f3n y la santidad, est\u00e1n anunciando el Reino de Dios hasta que Jes\u00fas vuelva.<br><\/li>\n\n\n\n<li>Creemos que cuando&nbsp;<strong>las iglesias<\/strong>&nbsp;siguen la doctrina de los Ap\u00f3stoles, la comuni\u00f3n unos con otros, el partimiento del pan y las oraciones&nbsp;(9),&nbsp;<strong>est\u00e1n llevando a cabo el plan de Dios sobre la tierra.<\/strong><\/li>\n<\/ul>\n\n\n\n<ul class=\"wp-block-list\">\n<li>Creemos que&nbsp;<strong>aquellos que se ocupan del ministerio pastoral y misionero, est\u00e1n llamados a vivir vidas ejemplares<\/strong>&nbsp;para que por si mismas sean el mejor exponente de la sinceridad de su vocaci\u00f3n cristiana y de la credibilidad de su ense\u00f1anza.<br><\/li>\n\n\n\n<li><strong>Los cristianos debemos vivir, evangelizar y ense\u00f1ar \u00abpara que el hombre est\u00e9 preparado para toda buena obra\u00bb<\/strong>(10).<br><\/li>\n\n\n\n<li>Como cristianos entendemos que&nbsp;<strong>es un deber procurar que todos conozcan a Jesucristo<\/strong>.(11)<br><\/li>\n\n\n\n<li><strong>Es un deber cristiano hacer todo el bien que se pueda en cada esfera de la vida<\/strong>, de cualquier forma posible y a cualquier ser humano del mundo.<br><\/li>\n\n\n\n<li><strong>Es un deber del cristiano santificarse para que la vida empezada en la regeneraci\u00f3n se desarrolle<\/strong>, y este desarrollo se manifieste en todas las \u00e1reas de su vida.<br><\/li>\n\n\n\n<li>Creemos que&nbsp;<strong>la iglesia es la asamblea de los creyentes<\/strong>&nbsp;y que \u00e9stos, conscientes de sus responsabilidades cristianas, tratar\u00e1n de vivir justa y piadosamente ejemplificando los mandamientos divinos.&nbsp;(12)<br><\/li>\n\n\n\n<li>Nunca tendremos una sociedad totalmente honrada mientras que el hombre no sea honrado. Por ello, los creyentes cristianos sabemos que&nbsp;<strong>la predicaci\u00f3n y ense\u00f1anza de la conversi\u00f3n es factor esencial de la justicia&nbsp;<\/strong>(13). De la conversi\u00f3n vienen nuevos motivos, nuevos intereses y un nuevo amor, y \u00e9sta es la aut\u00e9ntica transformaci\u00f3n que bendice a la humanidad.<br><\/li>\n\n\n\n<li>Creemos que&nbsp;<strong>el creyente en Cristo posee ya la vida eterna,<\/strong>&nbsp;por lo que su destino eterno es el cielo.&nbsp;(14)<br><\/li>\n\n\n\n<li>Creemos que&nbsp;<strong>esta relaci\u00f3n personal con Dios capacita al hombre para enfrentarse a los problemas de la vida<\/strong>, desarrollando en \u00e9l un car\u00e1cter maduro.<br><br><a><strong>CITAS B\u00cdBLICAS:<\/strong><\/a><br>(1)&nbsp;Juan 3:3-5; Romanos 8:7; 1\u00aa Corintios 2:14; Juan 3:8-9; Mateo 15:18-19; Marcos 7:21-22; Lucas 6:45; Juan 7:17; Romanos 10:9-10.<br>(2)&nbsp;Romanos 1:5; 6:18; 2\u00aa Tesalonicenses 1:8; 1\u00aa Pedro 4:17.<br>(3)&nbsp;Hechos 2:41,42,47; Hechos 4:4; 13:48,52; 16: 32-34; Romanos 12:4,5; 1\u00aa Corintios 12:12.<br>(4)&nbsp;Juan 1:12; 1\u00aa Pedro 5:1-11; 2\u00aa Pedro 1:1 ss.<br>(5)&nbsp;Efesios 4:11-13; Romanos 12; 1\u00aa Corintios 12.<br>(6)&nbsp;Marcos 1:16; 2:14; Mateo 5:14; 28:19; Romanos 8:9; G\u00e1latas 2:20; 2\u00aa Corintios 10:5; Filipenses 2:12-13.<br>(7)&nbsp;G\u00e9nesis 1:1,26-27; Mateo 28:19; 2\u00aa Timoteo 3:16-17; Juan 14:16-17; Juan 16:7-15; Romanos 10:9-11,17.<br>(8)&nbsp;Hebreos 9:27; 10:42; 12:23; Isa\u00edas 33:22; 2\u00aa Corintios 5:1; Filipenses 3:20; Mateo 5:22; 10:28; Lucas 16:19-31.<br>(9)&nbsp;Hechos 2:41-42.<br>(10)&nbsp;2\u00aa Timoteo 3:16-17.<br>(11)&nbsp;Mateo 28:18-20.<br>(12)&nbsp;Hebreos 13:17; Romanos 12:1-21; Juan 14:23-24; Juan 15:14.<br>(13)&nbsp;Lucas 13:3; Hechos 3:19; 14:15.<br>(14)&nbsp;Juan 6:47; 10:27-30.<\/li>\n<\/ul>\n\n\n\n<p>\u00abQue la paz y la abundancia que encontramos en Jes\u00fas llenen tu vida\u201d.<br>Te saluda con amor fraternal, <strong>Daniel Liandro.<\/strong><br><em>En todo tiempo ama el amigo,<br>Y es como un hermano en tiempo de angustia.<\/em><br>(Proverbios 17:17)<\/p>\n","protected":false},"excerpt":{"rendered":"<p>Resumen de nuestra FeCreemos y proclamamos que Jesucristo es el \u00fanico Se\u00f1or y Salvador, Dios hecho hombre, fundamento y cabeza [&hellip;]<\/p>\n","protected":false},"author":2,"featured_media":0,"parent":0,"menu_order":0,"comment_status":"closed","ping_status":"closed","template":"","meta":{"site-sidebar-layout":"default","site-content-layout":"","ast-site-content-layout":"default","site-content-style":"default","site-sidebar-style":"default","ast-global-header-display":"","ast-banner-title-visibility":"","ast-main-header-display":"","ast-hfb-above-header-display":"","ast-hfb-below-header-display":"","ast-hfb-mobile-header-display":"","site-post-title":"","ast-breadcrumbs-content":"","ast-featured-img":"","footer-sml-layout":"","ast-disable-related-posts":"","theme-transparent-header-meta":"","adv-header-id-meta":"","stick-header-meta":"","header-above-stick-meta":"","header-main-stick-meta":"","header-below-stick-meta":"","astra-migrate-meta-layouts":"default","ast-page-background-enabled":"default","ast-page-background-meta":{"desktop":{"background-color":"var(--ast-global-color-4)","background-image":"","background-repeat":"repeat","background-position":"center center","background-size":"auto","background-attachment":"scroll","background-type":"","background-media":"","overlay-type":"","overlay-color":"","overlay-opacity":"","overlay-gradient":""},"tablet":{"background-color":"","background-image":"","background-repeat":"repeat","background-position":"center center","background-size":"auto","background-attachment":"scroll","background-type":"","background-media":"","overlay-type":"","overlay-color":"","overlay-opacity":"","overlay-gradient":""},"mobile":{"background-color":"","background-image":"","background-repeat":"repeat","background-position":"center center","background-size":"auto","background-attachment":"scroll","background-type":"","background-media":"","overlay-type":"","overlay-color":"","overlay-opacity":"","overlay-gradient":""}},"ast-content-background-meta":{"desktop":{"background-color":"var(--ast-global-color-5)","background-image":"","background-repeat":"repeat","background-position":"center center","background-size":"auto","background-attachment":"scroll","background-type":"","background-media":"","overlay-type":"","overlay-color":"","overlay-opacity":"","overlay-gradient":""},"tablet":{"background-color":"var(--ast-global-color-5)","background-image":"","background-repeat":"repeat","background-position":"center center","background-size":"auto","background-attachment":"scroll","background-type":"","background-media":"","overlay-type":"","overlay-color":"","overlay-opacity":"","overlay-gradient":""},"mobile":{"background-color":"var(--ast-global-color-5)","background-image":"","background-repeat":"repeat","background-position":"center center","background-size":"auto","background-attachment":"scroll","background-type":"","background-media":"","overlay-type":"","overlay-color":"","overlay-opacity":"","overlay-gradient":""}},"footnotes":""},"class_list":["post-42","page","type-page","status-publish","hentry"],"_links":{"self":[{"href":"http:\/\/palabrasdevida.com\/systemproword\/wp-json\/wp\/v2\/pages\/42","targetHints":{"allow":["GET"]}}],"collection":[{"href":"http:\/\/palabrasdevida.com\/systemproword\/wp-json\/wp\/v2\/pages"}],"about":[{"href":"http:\/\/palabrasdevida.com\/systemproword\/wp-json\/wp\/v2\/types\/page"}],"author":[{"embeddable":true,"href":"http:\/\/palabrasdevida.com\/systemproword\/wp-json\/wp\/v2\/users\/2"}],"replies":[{"embeddable":true,"href":"http:\/\/palabrasdevida.com\/systemproword\/wp-json\/wp\/v2\/comments?post=42"}],"version-history":[{"count":6,"href":"http:\/\/palabrasdevida.com\/systemproword\/wp-json\/wp\/v2\/pages\/42\/revisions"}],"predecessor-version":[{"id":372,"href":"http:\/\/palabrasdevida.com\/systemproword\/wp-json\/wp\/v2\/pages\/42\/revisions\/372"}],"wp:attachment":[{"href":"http:\/\/palabrasdevida.com\/systemproword\/wp-json\/wp\/v2\/media?parent=42"}],"curies":[{"name":"wp","href":"https:\/\/api.w.org\/{rel}","templated":true}]}}