{"id":44,"date":"2024-06-26T17:10:23","date_gmt":"2024-06-26T17:10:23","guid":{"rendered":"http:\/\/palabrasdevida.com\/systemproword\/?page_id=44"},"modified":"2025-04-10T17:03:05","modified_gmt":"2025-04-10T17:03:05","slug":"por-que-palabras-de-vida","status":"publish","type":"page","link":"http:\/\/palabrasdevida.com\/systemproword\/por-que-palabras-de-vida\/","title":{"rendered":"\u00bfPor qu\u00e9 Palabras de Vida?"},"content":{"rendered":"\n<p><em>Porque no somos, como muchos, traficantes de la palabra de Dios; m\u00e1s bien, con sinceridad y como de parte de Dios, hablamos delante de Dios en Cristo<\/em> (<strong>2\u202fCorintios 2:17<\/strong>, RVA).<br>Nuestro nombre nace de una certeza que nos define: <strong><em>S\u00f3lo Jes\u00fas tiene palabras de vida eterna<\/em>.<\/strong><\/p>\n\n\n\n<p>Cuando Pedro respondi\u00f3 a la pregunta de su Maestro con estas palabras: <em>\u201cSe\u00f1or, \u00bfa qui\u00e9n iremos? T\u00fa tienes palabras de vida eterna; y nosotros hemos cre\u00eddo y conocido que t\u00fa eres el Santo de Dios\u201d<\/em> (<strong>Juan 6:68-69<\/strong>, RVA), no estaba pronunciando una frase religiosa. Estaba reconociendo que fuera de Jes\u00fas no hay esperanza, ni salvaci\u00f3n, ni destino eterno que valga la pena.<br>Y eso es exactamente lo que creemos, proclamamos y vivimos.<\/p>\n\n\n\n<p>Sabemos que esta misi\u00f3n no nos pertenece por m\u00e9rito alguno, sino por pura gracia. Es Dios quien nos ha llamado a servir, y a \u00c9l queremos responder con fidelidad y gratitud. Por eso asumimos el mandato apost\u00f3lico como prop\u00f3sito permanente:<br><em>Si alguien habla, hable conforme a las palabras de Dios; si alguien presta servicio, sirva conforme al poder que Dios le da, para que en todas las cosas Dios sea glorificado por medio de Jesucristo, a quien pertenecen la gloria y el dominio por los siglos de los siglos. Am\u00e9n<\/em> (<strong>1 Pedro 4:11<\/strong>, RVA).<\/p>\n\n\n\n<p><strong>Nuestro fundamento es apost\u00f3lico<\/strong>: no porque imitemos t\u00edtulos o estructuras humanas, sino porque reconocemos que la Iglesia verdadera est\u00e1 <em>\u201cedificada sobre el fundamento de los ap\u00f3stoles y profetas, siendo la principal piedra del \u00e1ngulo Jesucristo mismo\u201d<\/em> (<strong>Efesios 2:20<\/strong>, RVA). Por eso perseveramos <em>\u201cen la doctrina de los ap\u00f3stoles, en la comuni\u00f3n unos con otros, en el partimiento del pan y en las oraciones\u201d<\/em> (<strong>Hechos 2:42<\/strong>, RVA).<\/p>\n\n\n\n<p>Amamos la Palabra, la predicamos con libertad, y buscamos que todo lo que hacemos sea conforme a la verdad revelada en las Escrituras.<br>Pero nunca olvidamos algo fundamental:<br><em>Mientras debatimos doctrinas, millones de personas <strong><a href=\"http:\/\/palabrasdevida.com\/systemproword\/la-vida-sin-cristo\/\" data-type=\"page\" data-id=\"46\">MUEREN SIN CRISTO<\/a><\/strong>.<\/em><br>Y eso cambia todo.<\/p>\n\n\n\n<p>Por eso esta p\u00e1gina, este ministerio y cada uno de nuestros recursos existen: para que muchos puedan escuchar, conocer y abrazar estas <strong>palabras de vida<\/strong> que transforman el alma, sanan el coraz\u00f3n y abren el camino eterno hacia el Padre. Porque como dijo Jes\u00fas:<br><em>\u201cId por todo el mundo y predicad el evangelio a toda criatura\u201d<\/em> (<strong>Marcos 16:15<\/strong>, RVA).<\/p>\n\n\n\n<p>Esa es nuestra raz\u00f3n. Y, querido amigo, querida hermana: <em><strong>\u00bfqu\u00e9 piensas hacer t\u00fa al respecto?<\/strong><\/em><\/p>\n\n\n\n<p>\u00abQue la paz y la abundancia que encontramos en Jes\u00fas llenen tu vida\u201d.<br>Te saluda con amor fraternal, <strong>Daniel Liandro.<\/strong><br><em>En todo tiempo ama el amigo,<br>Y es como un hermano en tiempo de angustia.<\/em><br>(Proverbios 17:17)<\/p>\n","protected":false},"excerpt":{"rendered":"<p>Porque no somos, como muchos, traficantes de la palabra de Dios; m\u00e1s bien, con sinceridad y como de parte de [&hellip;]<\/p>\n","protected":false},"author":2,"featured_media":0,"parent":0,"menu_order":0,"comment_status":"closed","ping_status":"closed","template":"","meta":{"site-sidebar-layout":"default","site-content-layout":"","ast-site-content-layout":"default","site-content-style":"default","site-sidebar-style":"default","ast-global-header-display":"","ast-banner-title-visibility":"","ast-main-header-display":"","ast-hfb-above-header-display":"","ast-hfb-below-header-display":"","ast-hfb-mobile-header-display":"","site-post-title":"","ast-breadcrumbs-content":"","ast-featured-img":"","footer-sml-layout":"","ast-disable-related-posts":"","theme-transparent-header-meta":"","adv-header-id-meta":"","stick-header-meta":"","header-above-stick-meta":"","header-main-stick-meta":"","header-below-stick-meta":"","astra-migrate-meta-layouts":"default","ast-page-background-enabled":"default","ast-page-background-meta":{"desktop":{"background-color":"var(--ast-global-color-4)","background-image":"","background-repeat":"repeat","background-position":"center center","background-size":"auto","background-attachment":"scroll","background-type":"","background-media":"","overlay-type":"","overlay-color":"","overlay-opacity":"","overlay-gradient":""},"tablet":{"background-color":"","background-image":"","background-repeat":"repeat","background-position":"center center","background-size":"auto","background-attachment":"scroll","background-type":"","background-media":"","overlay-type":"","overlay-color":"","overlay-opacity":"","overlay-gradient":""},"mobile":{"background-color":"","background-image":"","background-repeat":"repeat","background-position":"center center","background-size":"auto","background-attachment":"scroll","background-type":"","background-media":"","overlay-type":"","overlay-color":"","overlay-opacity":"","overlay-gradient":""}},"ast-content-background-meta":{"desktop":{"background-color":"var(--ast-global-color-5)","background-image":"","background-repeat":"repeat","background-position":"center center","background-size":"auto","background-attachment":"scroll","background-type":"","background-media":"","overlay-type":"","overlay-color":"","overlay-opacity":"","overlay-gradient":""},"tablet":{"background-color":"var(--ast-global-color-5)","background-image":"","background-repeat":"repeat","background-position":"center center","background-size":"auto","background-attachment":"scroll","background-type":"","background-media":"","overlay-type":"","overlay-color":"","overlay-opacity":"","overlay-gradient":""},"mobile":{"background-color":"var(--ast-global-color-5)","background-image":"","background-repeat":"repeat","background-position":"center center","background-size":"auto","background-attachment":"scroll","background-type":"","background-media":"","overlay-type":"","overlay-color":"","overlay-opacity":"","overlay-gradient":""}},"footnotes":""},"class_list":["post-44","page","type-page","status-publish","hentry"],"_links":{"self":[{"href":"http:\/\/palabrasdevida.com\/systemproword\/wp-json\/wp\/v2\/pages\/44","targetHints":{"allow":["GET"]}}],"collection":[{"href":"http:\/\/palabrasdevida.com\/systemproword\/wp-json\/wp\/v2\/pages"}],"about":[{"href":"http:\/\/palabrasdevida.com\/systemproword\/wp-json\/wp\/v2\/types\/page"}],"author":[{"embeddable":true,"href":"http:\/\/palabrasdevida.com\/systemproword\/wp-json\/wp\/v2\/users\/2"}],"replies":[{"embeddable":true,"href":"http:\/\/palabrasdevida.com\/systemproword\/wp-json\/wp\/v2\/comments?post=44"}],"version-history":[{"count":6,"href":"http:\/\/palabrasdevida.com\/systemproword\/wp-json\/wp\/v2\/pages\/44\/revisions"}],"predecessor-version":[{"id":359,"href":"http:\/\/palabrasdevida.com\/systemproword\/wp-json\/wp\/v2\/pages\/44\/revisions\/359"}],"wp:attachment":[{"href":"http:\/\/palabrasdevida.com\/systemproword\/wp-json\/wp\/v2\/media?parent=44"}],"curies":[{"name":"wp","href":"https:\/\/api.w.org\/{rel}","templated":true}]}}