{"id":46,"date":"2024-06-26T17:13:27","date_gmt":"2024-06-26T17:13:27","guid":{"rendered":"http:\/\/palabrasdevida.com\/systemproword\/?page_id=46"},"modified":"2025-04-10T17:23:05","modified_gmt":"2025-04-10T17:23:05","slug":"la-vida-sin-cristo","status":"publish","type":"page","link":"http:\/\/palabrasdevida.com\/systemproword\/la-vida-sin-cristo\/","title":{"rendered":"La vida sin Cristo"},"content":{"rendered":"\n<figure class=\"wp-block-image\"><img decoding=\"async\" src=\"http:\/\/www.palabrasdevida.com\/images\/comunes\/mapa_muerte.gif\" alt=\"\"\/><\/figure>\n\n\n\n<p><strong>Una Realidad que No Podemos Ignorar<\/strong><\/p>\n\n\n\n<p>En alg\u00fan momento de la vida, todos tendremos que enfrentarnos con esta estremecedora verdad:<br><em>CADA CINCO SEGUNDOS, CIENTOS DE PERSONAS MUEREN EN TODO EL MUNDO SIN HABER RECONOCIDO A JESUCRISTO COMO SU SE\u00d1OR Y SALVADOR.<\/em><\/p>\n\n\n\n<p>Tal como puede observarse en este mapa interactivo, cada vez que un pa\u00eds se marca, representa a centenares de vidas que acaban de extinguirse en ese lugar\u2026 la mayor\u00eda de ellas sin haber siquiera o\u00eddo hablar de Cristo.<\/p>\n\n\n\n<p><strong><em>\u00bfTe has detenido a pensar qu\u00e9 significa esto?<\/em><br><\/strong>Este hecho, tan crudo como innegable, conmueve profundamente nuestros corazones como miembros del Ministerio Apost\u00f3lico Internacional PALABRAS DE VIDA. Es por ello que proclamamos el Evangelio de Jesucristo con convicci\u00f3n, pasi\u00f3n y urgencia. No podemos ni queremos quedarnos de brazos cruzados mientras miles de almas se pierden eternamente en las tinieblas de Satan\u00e1s, mientras nosotros, ya reconciliados con Dios, nos aferramos a Sus bendiciones como si escondi\u00e9ndolas pudi\u00e9semos guardarlas para siempre.<\/p>\n\n\n\n<p><strong>\u00a1NO, HERMANO!<\/strong><br>No es esa la voluntad de nuestro Se\u00f1or. Recuerda Sus palabras:<br><em>\u201cDad, y se os dar\u00e1; medida buena, apretada, remecida y rebosando dar\u00e1n en vuestro regazo; porque con la misma medida con que med\u00eds, os volver\u00e1n a medir\u201d<\/em> (<strong>Lucas 6:38<\/strong> RVR1960).<\/p>\n\n\n\n<p>La f\u00f3rmula del Reino es sencilla: <strong>dar para recibir<\/strong>.<br><em>\u00bfY qu\u00e9 debemos dar?<\/em> Precisamente aquello que Dios nos dio primero: <strong>\u00a1AMOR!<\/strong><br>As\u00ed se hace natural dar el siguiente paso que nos pide nuestro Rey:<br><em>\u201cDe gracia recibisteis, dad de gracia\u201d<\/em> (<strong>Mateo 10:8<\/strong> RVR1960).<\/p>\n\n\n\n<p><em>\u00bfEres cristiano, mi hermano?<\/em><br><em>\u00bfHermana, compartimos la misma fe en el Hijo de Dios?<\/em><br>Entonces t\u00fa y yo tenemos una obligaci\u00f3n sagrada: ser testigos vivos del amor y la gracia que hemos recibido. Debemos predicar el Evangelio de Cristo a un mundo que se desangra en la idolatr\u00eda, el materialismo, la drogadicci\u00f3n, la corrupci\u00f3n, el ego\u00edsmo y la desesperanza.<\/p>\n\n\n\n<p>Que Dios permita que este sencillo pero fervoroso llamado a tu conciencia impacte directamente tu coraz\u00f3n. Y que en vez de callar o guardar para ti lo que fue dado para ser compartido, comiences hoy mismo a honrar a nuestro Salvador, Jesucristo, <em>regal\u00e1ndolo<\/em> a los dem\u00e1s. Recuerda: no necesitas ser misionero en tierras lejanas ni viajar a lo profundo del Amazonas. Dios solo te pide que testifiques de lo que \u00c9l hizo contigo, con tus palabras, tu vida y tu ejemplo, ante tu familia, tus amigos, tus vecinos, tus compa\u00f1eros.<\/p>\n\n\n\n<p>As\u00ed, la obra de salvaci\u00f3n se extender\u00e1 como el fuego en un campo seco.<br>Y muy pronto, se cumplir\u00e1 lo que nuestro Se\u00f1or anunci\u00f3.<\/p>\n\n\n\n<p><em>No lo olvides nunca: mientras t\u00fa y yo debatimos sobre lo correcto de este simple proceder cristiano\u2026 cientos mueren sin Cristo. \u00a1Ahora mismo!<\/em><\/p>\n\n\n\n<p>\u00abQue la paz y la abundancia que encontramos en Jes\u00fas llenen tu vida\u201d.<br>Te saluda con amor fraternal, <strong>Daniel Liandro.<\/strong><br><em>En todo tiempo ama el amigo,<br>Y es como un hermano en tiempo de angustia.<\/em><br>(Proverbios 17:17)<\/p>\n","protected":false},"excerpt":{"rendered":"<p>Una Realidad que No Podemos Ignorar En alg\u00fan momento de la vida, todos tendremos que enfrentarnos con esta estremecedora verdad:CADA [&hellip;]<\/p>\n","protected":false},"author":2,"featured_media":0,"parent":0,"menu_order":0,"comment_status":"closed","ping_status":"closed","template":"","meta":{"site-sidebar-layout":"default","site-content-layout":"","ast-site-content-layout":"default","site-content-style":"default","site-sidebar-style":"default","ast-global-header-display":"","ast-banner-title-visibility":"","ast-main-header-display":"","ast-hfb-above-header-display":"","ast-hfb-below-header-display":"","ast-hfb-mobile-header-display":"","site-post-title":"","ast-breadcrumbs-content":"","ast-featured-img":"","footer-sml-layout":"","ast-disable-related-posts":"","theme-transparent-header-meta":"","adv-header-id-meta":"","stick-header-meta":"","header-above-stick-meta":"","header-main-stick-meta":"","header-below-stick-meta":"","astra-migrate-meta-layouts":"default","ast-page-background-enabled":"default","ast-page-background-meta":{"desktop":{"background-color":"var(--ast-global-color-4)","background-image":"","background-repeat":"repeat","background-position":"center center","background-size":"auto","background-attachment":"scroll","background-type":"","background-media":"","overlay-type":"","overlay-color":"","overlay-opacity":"","overlay-gradient":""},"tablet":{"background-color":"","background-image":"","background-repeat":"repeat","background-position":"center center","background-size":"auto","background-attachment":"scroll","background-type":"","background-media":"","overlay-type":"","overlay-color":"","overlay-opacity":"","overlay-gradient":""},"mobile":{"background-color":"","background-image":"","background-repeat":"repeat","background-position":"center center","background-size":"auto","background-attachment":"scroll","background-type":"","background-media":"","overlay-type":"","overlay-color":"","overlay-opacity":"","overlay-gradient":""}},"ast-content-background-meta":{"desktop":{"background-color":"var(--ast-global-color-5)","background-image":"","background-repeat":"repeat","background-position":"center center","background-size":"auto","background-attachment":"scroll","background-type":"","background-media":"","overlay-type":"","overlay-color":"","overlay-opacity":"","overlay-gradient":""},"tablet":{"background-color":"var(--ast-global-color-5)","background-image":"","background-repeat":"repeat","background-position":"center center","background-size":"auto","background-attachment":"scroll","background-type":"","background-media":"","overlay-type":"","overlay-color":"","overlay-opacity":"","overlay-gradient":""},"mobile":{"background-color":"var(--ast-global-color-5)","background-image":"","background-repeat":"repeat","background-position":"center center","background-size":"auto","background-attachment":"scroll","background-type":"","background-media":"","overlay-type":"","overlay-color":"","overlay-opacity":"","overlay-gradient":""}},"footnotes":""},"class_list":["post-46","page","type-page","status-publish","hentry"],"_links":{"self":[{"href":"http:\/\/palabrasdevida.com\/systemproword\/wp-json\/wp\/v2\/pages\/46","targetHints":{"allow":["GET"]}}],"collection":[{"href":"http:\/\/palabrasdevida.com\/systemproword\/wp-json\/wp\/v2\/pages"}],"about":[{"href":"http:\/\/palabrasdevida.com\/systemproword\/wp-json\/wp\/v2\/types\/page"}],"author":[{"embeddable":true,"href":"http:\/\/palabrasdevida.com\/systemproword\/wp-json\/wp\/v2\/users\/2"}],"replies":[{"embeddable":true,"href":"http:\/\/palabrasdevida.com\/systemproword\/wp-json\/wp\/v2\/comments?post=46"}],"version-history":[{"count":5,"href":"http:\/\/palabrasdevida.com\/systemproword\/wp-json\/wp\/v2\/pages\/46\/revisions"}],"predecessor-version":[{"id":364,"href":"http:\/\/palabrasdevida.com\/systemproword\/wp-json\/wp\/v2\/pages\/46\/revisions\/364"}],"wp:attachment":[{"href":"http:\/\/palabrasdevida.com\/systemproword\/wp-json\/wp\/v2\/media?parent=46"}],"curies":[{"name":"wp","href":"https:\/\/api.w.org\/{rel}","templated":true}]}}