{"id":50,"date":"2024-06-26T17:14:37","date_gmt":"2024-06-26T17:14:37","guid":{"rendered":"http:\/\/palabrasdevida.com\/systemproword\/?page_id=50"},"modified":"2026-01-29T19:12:27","modified_gmt":"2026-01-29T19:12:27","slug":"biblia-on-line","status":"publish","type":"page","link":"http:\/\/palabrasdevida.com\/systemproword\/biblia-on-line\/","title":{"rendered":"Biblia \u00abon line\u00bb"},"content":{"rendered":"\n<p class=\"has-medium-font-size\"><strong><a href=\"http:\/\/www.palabrasdevida.com\/rv1960\/index.html\" target=\"_blank\" rel=\"noreferrer noopener\">VERSI\u00d3N REINA VALERA 1960 &#8211; CLIC AQU\u00cd<\/a><\/strong><\/p>\n\n\n\n<p>Te damos la bienvenida a una nueva forma de encontrarte con la <strong>Palabra de Dios<\/strong>. En <strong>Palabras de Vida<\/strong>, hemos renovado nuestra plataforma para ofrecerte una experiencia de lectura serena, profunda y profesional. Esta nueva edici\u00f3n digital de la <strong>Reina-Valera 1960<\/strong> ha sido dise\u00f1ada pensando en el estudiante de las Escrituras, ofreciendo una interfaz clara (Estilo Papel) y un Modo Nocturno para que la luz del mundo no te distraiga de la Luz de Su Palabra.<\/p>\n\n\n\n<p><strong>BREVE RESE\u00d1A HIST\u00d3RICA:<\/strong> La <strong>Biblia Reina Valera<\/strong>, ampliamente difundida durante la Reforma Protestante del siglo XVI, es una de las versiones m\u00e1s aceptadas por las iglesias cristianas. Debe su nombre a la colaboraci\u00f3n entre <strong>Casiodoro de Reina<\/strong>, su principal traductor, y <strong>Cipriano de Valera<\/strong>, su primer revisor. La <em>Biblia del Oso<\/em> (Basilea, Suiza, 1569) y la <em>Biblia del C\u00e1ntaro<\/em> (\u00c1msterdam, Holanda, 1602) son los frutos de sus esfuerzos. Ambos, monjes cat\u00f3licos jer\u00f3nimos del Monasterio de San Isidoro del Campo, se exiliaron de Espa\u00f1a tras ser perseguidos por la Inquisici\u00f3n debido a su inquebrantable fe en las verdades b\u00edblicas.<\/p>\n\n\n\n<p><strong>NUESTRO RECONOCIMIENTO:<\/strong> Queremos honrar la memoria de los siervos de Dios <strong>Casiodoro de Reina<\/strong> y <strong>Cipriano de Valera<\/strong>, quienes arriesgaron sus vidas para que hoy podamos poseer el tesoro incalculable de la voluntad de nuestro Padre Celestial. Esta herramienta es nuestra forma de continuar ese legado, poniendo a tu disposici\u00f3n la Palabra de Dios con la dignidad y claridad que merece.<\/p>\n\n\n\n<p>\u00abQue la paz y la abundancia que encontramos en Jes\u00fas llenen tu vida\u201d.<br>Te saluda con amor fraternal, <strong>Daniel Liandro.<\/strong><br><em>En todo tiempo ama el amigo,<br>Y es como un hermano en tiempo de angustia.<\/em><br>(Proverbios 17:17)<\/p>\n","protected":false},"excerpt":{"rendered":"<p>VERSI\u00d3N REINA VALERA 1960 &#8211; CLIC AQU\u00cd Te damos la bienvenida a una nueva forma de encontrarte con la Palabra [&hellip;]<\/p>\n","protected":false},"author":2,"featured_media":0,"parent":0,"menu_order":0,"comment_status":"closed","ping_status":"closed","template":"","meta":{"site-sidebar-layout":"default","site-content-layout":"","ast-site-content-layout":"default","site-content-style":"default","site-sidebar-style":"default","ast-global-header-display":"","ast-banner-title-visibility":"","ast-main-header-display":"","ast-hfb-above-header-display":"","ast-hfb-below-header-display":"","ast-hfb-mobile-header-display":"","site-post-title":"","ast-breadcrumbs-content":"","ast-featured-img":"","footer-sml-layout":"","ast-disable-related-posts":"","theme-transparent-header-meta":"","adv-header-id-meta":"","stick-header-meta":"","header-above-stick-meta":"","header-main-stick-meta":"","header-below-stick-meta":"","astra-migrate-meta-layouts":"default","ast-page-background-enabled":"default","ast-page-background-meta":{"desktop":{"background-color":"var(--ast-global-color-4)","background-image":"","background-repeat":"repeat","background-position":"center center","background-size":"auto","background-attachment":"scroll","background-type":"","background-media":"","overlay-type":"","overlay-color":"","overlay-opacity":"","overlay-gradient":""},"tablet":{"background-color":"","background-image":"","background-repeat":"repeat","background-position":"center center","background-size":"auto","background-attachment":"scroll","background-type":"","background-media":"","overlay-type":"","overlay-color":"","overlay-opacity":"","overlay-gradient":""},"mobile":{"background-color":"","background-image":"","background-repeat":"repeat","background-position":"center center","background-size":"auto","background-attachment":"scroll","background-type":"","background-media":"","overlay-type":"","overlay-color":"","overlay-opacity":"","overlay-gradient":""}},"ast-content-background-meta":{"desktop":{"background-color":"var(--ast-global-color-5)","background-image":"","background-repeat":"repeat","background-position":"center center","background-size":"auto","background-attachment":"scroll","background-type":"","background-media":"","overlay-type":"","overlay-color":"","overlay-opacity":"","overlay-gradient":""},"tablet":{"background-color":"var(--ast-global-color-5)","background-image":"","background-repeat":"repeat","background-position":"center center","background-size":"auto","background-attachment":"scroll","background-type":"","background-media":"","overlay-type":"","overlay-color":"","overlay-opacity":"","overlay-gradient":""},"mobile":{"background-color":"var(--ast-global-color-5)","background-image":"","background-repeat":"repeat","background-position":"center center","background-size":"auto","background-attachment":"scroll","background-type":"","background-media":"","overlay-type":"","overlay-color":"","overlay-opacity":"","overlay-gradient":""}},"footnotes":""},"class_list":["post-50","page","type-page","status-publish","hentry"],"_links":{"self":[{"href":"http:\/\/palabrasdevida.com\/systemproword\/wp-json\/wp\/v2\/pages\/50","targetHints":{"allow":["GET"]}}],"collection":[{"href":"http:\/\/palabrasdevida.com\/systemproword\/wp-json\/wp\/v2\/pages"}],"about":[{"href":"http:\/\/palabrasdevida.com\/systemproword\/wp-json\/wp\/v2\/types\/page"}],"author":[{"embeddable":true,"href":"http:\/\/palabrasdevida.com\/systemproword\/wp-json\/wp\/v2\/users\/2"}],"replies":[{"embeddable":true,"href":"http:\/\/palabrasdevida.com\/systemproword\/wp-json\/wp\/v2\/comments?post=50"}],"version-history":[{"count":6,"href":"http:\/\/palabrasdevida.com\/systemproword\/wp-json\/wp\/v2\/pages\/50\/revisions"}],"predecessor-version":[{"id":397,"href":"http:\/\/palabrasdevida.com\/systemproword\/wp-json\/wp\/v2\/pages\/50\/revisions\/397"}],"wp:attachment":[{"href":"http:\/\/palabrasdevida.com\/systemproword\/wp-json\/wp\/v2\/media?parent=50"}],"curies":[{"name":"wp","href":"https:\/\/api.w.org\/{rel}","templated":true}]}}