{"id":52,"date":"2024-06-26T17:19:43","date_gmt":"2024-06-26T17:19:43","guid":{"rendered":"http:\/\/palabrasdevida.com\/systemproword\/?page_id=52"},"modified":"2025-04-10T15:54:07","modified_gmt":"2025-04-10T15:54:07","slug":"servicio","status":"publish","type":"page","link":"http:\/\/palabrasdevida.com\/systemproword\/servicio\/","title":{"rendered":"Servicio"},"content":{"rendered":"\n<p><\/p>\n\n\n\n<p class=\"has-medium-font-size\"><em><strong>Servimos a Dios sirviendo a Su pueblo<\/strong><\/em><\/p>\n\n\n\n<p class=\"has-medium-font-size\"><em>Nuestra misi\u00f3n es compartir la Verdad del Evangelio, edificar a la Iglesia y extender el Reino de Dios con fidelidad, humildad y amor.<\/em><\/p>\n\n\n\n<p>En el Ministerio <strong>Palabras de Vida<\/strong> creemos que el servicio cristiano no es una opci\u00f3n, sino una expresi\u00f3n natural de la vida nueva en Cristo. Por eso, m\u00e1s all\u00e1 de nuestras pr\u00e9dicas dominicales transmitidas por Internet, ofrecemos diferentes formas de acompa\u00f1ar el crecimiento espiritual, b\u00edblico y ministerial de personas, familias y congregaciones.<\/p>\n\n\n\n<p>Nos mueve la pasi\u00f3n por ver vidas transformadas por el poder de la <em>Palabra de Dios<\/em>, y por eso, ponemos a disposici\u00f3n una serie de recursos y oportunidades, completamente gratuitos, con el \u00fanico prop\u00f3sito de obedecer al mandato de nuestro Se\u00f1or Jesucristo: <em>\u201cId por todo el mundo y predicad el evangelio a toda criatura\u201d<\/em> (<strong>Mr. 16:15 RVR1960<\/strong>).<\/p>\n\n\n\n<p><strong>\u00bfQu\u00e9 ofrecemos en esta \u00e1rea de servicio?<\/strong><\/p>\n\n\n\n<ul class=\"wp-block-list\">\n<li>&#x1f4d6; <strong>Estudios b\u00edblicos sistem\u00e1ticos y avanzados:<\/strong> Dirigidos a cristianos que desean profundizar en su conocimiento teol\u00f3gico, b\u00edblico e hist\u00f3rico. Incluyen ex\u00e9gesis, an\u00e1lisis de palabras clave, doctrina y aplicaci\u00f3n pr\u00e1ctica.<\/li>\n\n\n\n<li>&#x1f331; <strong>Reflexiones devocionales y fundamentos de fe:<\/strong> Materiales introductorios ideales para personas que est\u00e1n comenzando a conocer el camino cristiano o desean comprender mejor lo que significa seguir a Jes\u00fas.<\/li>\n\n\n\n<li>&#x1f54a;&#xfe0f; <strong>Visitas a congregaciones:<\/strong> Estamos disponibles para visitar iglesias locales de cualquier denominaci\u00f3n evang\u00e9lica, sin costo alguno, con el prop\u00f3sito de compartir la Palabra, predicar, fortalecer la unidad del Cuerpo de Cristo y capacitar a l\u00edderes y obreros.<\/li>\n\n\n\n<li>&#x1f393; <strong>Cursos intensivos de capacitaci\u00f3n ministerial:<\/strong> Dise\u00f1ados para quienes ejercen liderazgo pastoral o desean prepararse mejor para el servicio en sus comunidades. Incluyen temas como interpretaci\u00f3n b\u00edblica, doctrina cristiana, \u00e9tica pastoral, homil\u00e9tica, y discipulado.<\/li>\n\n\n\n<li>&#x1f9ed; <strong>Asesoramiento doctrinal y acompa\u00f1amiento espiritual:<\/strong> Para ministerios que enfrentan desaf\u00edos, transiciones o desean afirmarse en una ense\u00f1anza b\u00edblica s\u00f3lida, ofrecemos asesoramiento personal o grupal con amor, oraci\u00f3n y fundamentos de la Palabra.<\/li>\n<\/ul>\n\n\n\n<hr class=\"wp-block-separator has-alpha-channel-opacity\"\/>\n\n\n\n<h3 class=\"wp-block-heading has-text-align-center has-medium-font-size\"><em>\u00abNuestro ministerio no termina en las pantallas. Ense\u00f1amos la Palabra, capacitamos l\u00edderes, acompa\u00f1amos congregaciones y servimos al pueblo de Dios con todo lo que hemos recibido. Si deseas crecer en la fe, profundizar en la Biblia o recibir una visita en tu iglesia, estamos para ayudarte. Escr\u00edbenos. Estamos sirviendo al Se\u00f1or juntos.\u00bb<\/em><\/h3>\n\n\n\n<p><\/p>\n","protected":false},"excerpt":{"rendered":"<p>Servimos a Dios sirviendo a Su pueblo Nuestra misi\u00f3n es compartir la Verdad del Evangelio, edificar a la Iglesia y [&hellip;]<\/p>\n","protected":false},"author":2,"featured_media":0,"parent":0,"menu_order":0,"comment_status":"closed","ping_status":"closed","template":"","meta":{"site-sidebar-layout":"default","site-content-layout":"","ast-site-content-layout":"","site-content-style":"default","site-sidebar-style":"default","ast-global-header-display":"","ast-banner-title-visibility":"","ast-main-header-display":"","ast-hfb-above-header-display":"","ast-hfb-below-header-display":"","ast-hfb-mobile-header-display":"","site-post-title":"disabled","ast-breadcrumbs-content":"","ast-featured-img":"","footer-sml-layout":"","ast-disable-related-posts":"","theme-transparent-header-meta":"","adv-header-id-meta":"","stick-header-meta":"","header-above-stick-meta":"","header-main-stick-meta":"","header-below-stick-meta":"","astra-migrate-meta-layouts":"default","ast-page-background-enabled":"default","ast-page-background-meta":{"desktop":{"background-color":"var(--ast-global-color-4)","background-image":"","background-repeat":"repeat","background-position":"center center","background-size":"auto","background-attachment":"scroll","background-type":"","background-media":"","overlay-type":"","overlay-color":"","overlay-opacity":"","overlay-gradient":""},"tablet":{"background-color":"","background-image":"","background-repeat":"repeat","background-position":"center center","background-size":"auto","background-attachment":"scroll","background-type":"","background-media":"","overlay-type":"","overlay-color":"","overlay-opacity":"","overlay-gradient":""},"mobile":{"background-color":"","background-image":"","background-repeat":"repeat","background-position":"center center","background-size":"auto","background-attachment":"scroll","background-type":"","background-media":"","overlay-type":"","overlay-color":"","overlay-opacity":"","overlay-gradient":""}},"ast-content-background-meta":{"desktop":{"background-color":"var(--ast-global-color-5)","background-image":"","background-repeat":"repeat","background-position":"center center","background-size":"auto","background-attachment":"scroll","background-type":"","background-media":"","overlay-type":"","overlay-color":"","overlay-opacity":"","overlay-gradient":""},"tablet":{"background-color":"var(--ast-global-color-5)","background-image":"","background-repeat":"repeat","background-position":"center center","background-size":"auto","background-attachment":"scroll","background-type":"","background-media":"","overlay-type":"","overlay-color":"","overlay-opacity":"","overlay-gradient":""},"mobile":{"background-color":"var(--ast-global-color-5)","background-image":"","background-repeat":"repeat","background-position":"center center","background-size":"auto","background-attachment":"scroll","background-type":"","background-media":"","overlay-type":"","overlay-color":"","overlay-opacity":"","overlay-gradient":""}},"footnotes":""},"class_list":["post-52","page","type-page","status-publish","hentry"],"_links":{"self":[{"href":"http:\/\/palabrasdevida.com\/systemproword\/wp-json\/wp\/v2\/pages\/52","targetHints":{"allow":["GET"]}}],"collection":[{"href":"http:\/\/palabrasdevida.com\/systemproword\/wp-json\/wp\/v2\/pages"}],"about":[{"href":"http:\/\/palabrasdevida.com\/systemproword\/wp-json\/wp\/v2\/types\/page"}],"author":[{"embeddable":true,"href":"http:\/\/palabrasdevida.com\/systemproword\/wp-json\/wp\/v2\/users\/2"}],"replies":[{"embeddable":true,"href":"http:\/\/palabrasdevida.com\/systemproword\/wp-json\/wp\/v2\/comments?post=52"}],"version-history":[{"count":6,"href":"http:\/\/palabrasdevida.com\/systemproword\/wp-json\/wp\/v2\/pages\/52\/revisions"}],"predecessor-version":[{"id":347,"href":"http:\/\/palabrasdevida.com\/systemproword\/wp-json\/wp\/v2\/pages\/52\/revisions\/347"}],"wp:attachment":[{"href":"http:\/\/palabrasdevida.com\/systemproword\/wp-json\/wp\/v2\/media?parent=52"}],"curies":[{"name":"wp","href":"https:\/\/api.w.org\/{rel}","templated":true}]}}