{"id":70,"date":"2024-06-26T17:24:40","date_gmt":"2024-06-26T17:24:40","guid":{"rendered":"http:\/\/palabrasdevida.com\/systemproword\/?page_id=70"},"modified":"2025-04-10T17:17:04","modified_gmt":"2025-04-10T17:17:04","slug":"responsabilidad","status":"publish","type":"page","link":"http:\/\/palabrasdevida.com\/systemproword\/responsabilidad\/","title":{"rendered":"Responsabilidad Ministerial"},"content":{"rendered":"\n<p>A lo largo del tiempo, esta web ha crecido en extensi\u00f3n y profundidad, al igual que lo hemos hecho quienes integramos el Ministerio Apost\u00f3lico Internacional PALABRAS DE VIDA. Hoy, al contemplar la riqueza del material compartido \u2014reflexiones, ense\u00f1anzas, testimonios, colaboraciones y aportes de hermanos y hermanas en la fe\u2014 siento el deber espiritual y \u00e9tico de expresar p\u00fablicamente mi compromiso de responsabilidad sobre la totalidad del contenido publicado, con excepci\u00f3n expresa de aquellos textos donde se indica claramente el nombre de su autor.<\/p>\n\n\n\n<p>Asimismo, dejo constancia de que, habiendo fundado este Ministerio y asumiendo su direcci\u00f3n desde sus inicios hasta el presente, siempre lo he hecho con esp\u00edritu de entrega, de forma completamente desinteresada y <strong>ad honorem<\/strong>, con la \u00fanica intenci\u00f3n de servir a nuestro Se\u00f1or Jesucristo con libertad, fidelidad y gozo.<\/p>\n\n\n\n<p>Declaro, por tanto, que todo el contenido de esta p\u00e1gina es de mi absoluta responsabilidad. Y asumo, delante de Dios y de los hombres, las consecuencias propias del ministerio que me ha sido confiado por gracia, procurando siempre que lo que aqu\u00ed se publique glorifique Su Nombre y edifique a Su Iglesia.<\/p>\n\n\n\n<p>\u00abQue la paz y la abundancia que encontramos en Jes\u00fas llenen tu vida\u201d.<br>Te saluda con amor fraternal, <strong>Daniel Liandro.<\/strong><br><em>En todo tiempo ama el amigo,<br>Y es como un hermano en tiempo de angustia.<\/em><br>(Proverbios 17:17)<\/p>\n","protected":false},"excerpt":{"rendered":"<p>A lo largo del tiempo, esta web ha crecido en extensi\u00f3n y profundidad, al igual que lo hemos hecho quienes [&hellip;]<\/p>\n","protected":false},"author":2,"featured_media":0,"parent":0,"menu_order":0,"comment_status":"closed","ping_status":"closed","template":"","meta":{"site-sidebar-layout":"default","site-content-layout":"","ast-site-content-layout":"default","site-content-style":"default","site-sidebar-style":"default","ast-global-header-display":"","ast-banner-title-visibility":"","ast-main-header-display":"","ast-hfb-above-header-display":"","ast-hfb-below-header-display":"","ast-hfb-mobile-header-display":"","site-post-title":"","ast-breadcrumbs-content":"","ast-featured-img":"","footer-sml-layout":"","ast-disable-related-posts":"","theme-transparent-header-meta":"","adv-header-id-meta":"","stick-header-meta":"","header-above-stick-meta":"","header-main-stick-meta":"","header-below-stick-meta":"","astra-migrate-meta-layouts":"default","ast-page-background-enabled":"default","ast-page-background-meta":{"desktop":{"background-color":"var(--ast-global-color-4)","background-image":"","background-repeat":"repeat","background-position":"center center","background-size":"auto","background-attachment":"scroll","background-type":"","background-media":"","overlay-type":"","overlay-color":"","overlay-opacity":"","overlay-gradient":""},"tablet":{"background-color":"","background-image":"","background-repeat":"repeat","background-position":"center center","background-size":"auto","background-attachment":"scroll","background-type":"","background-media":"","overlay-type":"","overlay-color":"","overlay-opacity":"","overlay-gradient":""},"mobile":{"background-color":"","background-image":"","background-repeat":"repeat","background-position":"center center","background-size":"auto","background-attachment":"scroll","background-type":"","background-media":"","overlay-type":"","overlay-color":"","overlay-opacity":"","overlay-gradient":""}},"ast-content-background-meta":{"desktop":{"background-color":"var(--ast-global-color-5)","background-image":"","background-repeat":"repeat","background-position":"center center","background-size":"auto","background-attachment":"scroll","background-type":"","background-media":"","overlay-type":"","overlay-color":"","overlay-opacity":"","overlay-gradient":""},"tablet":{"background-color":"var(--ast-global-color-5)","background-image":"","background-repeat":"repeat","background-position":"center center","background-size":"auto","background-attachment":"scroll","background-type":"","background-media":"","overlay-type":"","overlay-color":"","overlay-opacity":"","overlay-gradient":""},"mobile":{"background-color":"var(--ast-global-color-5)","background-image":"","background-repeat":"repeat","background-position":"center center","background-size":"auto","background-attachment":"scroll","background-type":"","background-media":"","overlay-type":"","overlay-color":"","overlay-opacity":"","overlay-gradient":""}},"footnotes":""},"class_list":["post-70","page","type-page","status-publish","hentry"],"_links":{"self":[{"href":"http:\/\/palabrasdevida.com\/systemproword\/wp-json\/wp\/v2\/pages\/70","targetHints":{"allow":["GET"]}}],"collection":[{"href":"http:\/\/palabrasdevida.com\/systemproword\/wp-json\/wp\/v2\/pages"}],"about":[{"href":"http:\/\/palabrasdevida.com\/systemproword\/wp-json\/wp\/v2\/types\/page"}],"author":[{"embeddable":true,"href":"http:\/\/palabrasdevida.com\/systemproword\/wp-json\/wp\/v2\/users\/2"}],"replies":[{"embeddable":true,"href":"http:\/\/palabrasdevida.com\/systemproword\/wp-json\/wp\/v2\/comments?post=70"}],"version-history":[{"count":5,"href":"http:\/\/palabrasdevida.com\/systemproword\/wp-json\/wp\/v2\/pages\/70\/revisions"}],"predecessor-version":[{"id":362,"href":"http:\/\/palabrasdevida.com\/systemproword\/wp-json\/wp\/v2\/pages\/70\/revisions\/362"}],"wp:attachment":[{"href":"http:\/\/palabrasdevida.com\/systemproword\/wp-json\/wp\/v2\/media?parent=70"}],"curies":[{"name":"wp","href":"https:\/\/api.w.org\/{rel}","templated":true}]}}