{"id":72,"date":"2024-06-26T17:25:24","date_gmt":"2024-06-26T17:25:24","guid":{"rendered":"http:\/\/palabrasdevida.com\/systemproword\/?page_id=72"},"modified":"2025-04-10T17:10:31","modified_gmt":"2025-04-10T17:10:31","slug":"nuestro-anhelo","status":"publish","type":"page","link":"http:\/\/palabrasdevida.com\/systemproword\/nuestro-anhelo\/","title":{"rendered":"Nuestro anhelo"},"content":{"rendered":"\n<p class=\"has-medium-font-size\"><strong>Recibirte en la Familia de la Fe<\/strong><\/p>\n\n\n\n<p>No hay mayor gozo para nosotros, como cristianos, que poder llamarte <em>hermano<\/em>, sabiendo que un d\u00eda nos reuniremos contigo cuando el Se\u00f1or lo disponga, compartiendo la misma mesa y habitando juntos por la eternidad, iluminados por Su gloria.<\/p>\n\n\n\n<p>Si nunca antes o\u00edste hablar acerca de <strong>recibir a Cristo en tu coraz\u00f3n<\/strong>, damos gracias a Dios por haberte tra\u00eddo hasta aqu\u00ed. Creemos que no est\u00e1s leyendo esto por casualidad, sino porque este es un momento especial, dise\u00f1ado por el Se\u00f1or para tu vida.<br><em>Cualquiera sea tu situaci\u00f3n \u2014si est\u00e1s viviendo d\u00edas felices o si sent\u00eds que llegaste al l\u00edmite, donde el dolor supera a la alegr\u00eda y la oscuridad ha ocultado tu esperanza\u2014 queremos decirte que nos alegramos por ti.<\/em> Porque hoy, aqu\u00ed y ahora, <strong>el Se\u00f1or Jes\u00fas te ofrece una nueva vida<\/strong>. Te invita a formar parte de la gran familia de la fe, la misma que integramos todos los que, alguna vez, estuvimos en ese mismo lugar de necesidad, de b\u00fasqueda, de anhelo profundo de ser rescatados.<\/p>\n\n\n\n<h3 class=\"wp-block-heading\"><strong>\u00bfQu\u00e9 deb\u00e9s hacer?<\/strong><\/h3>\n\n\n\n<p>Es muy sencillo. Solo necesit\u00e1s abrir tu coraz\u00f3n y repetir esta oraci\u00f3n con fe sincera, creyendo que Dios te escucha:<\/p>\n\n\n\n<hr class=\"wp-block-separator has-alpha-channel-opacity\"\/>\n\n\n\n<p><strong>Oraci\u00f3n de fe:<\/strong><\/p>\n\n\n\n<p><em>Padre Celestial, s\u00e9 que est\u00e1s viendo mi coraz\u00f3n. Reconozco que mi vida necesita un cambio profundo, y creo que T\u00fa tienes el poder y la voluntad de rescatarme.<\/em><\/p>\n\n\n\n<p><em>Confieso con mi boca que Jes\u00fas es el Se\u00f1or, y creo en lo m\u00e1s \u00edntimo de mi ser que T\u00fa lo levantaste de los muertos. Hoy vive y reina sentado a Tu diestra, e intercede por m\u00ed.<\/em><\/p>\n\n\n\n<p><em>Te pido perd\u00f3n por mis pecados y te doy gracias por esta nueva oportunidad de vivir la verdadera vida que s\u00f3lo se encuentra en Cristo Jes\u00fas, Se\u00f1or nuestro.<\/em><\/p>\n\n\n\n<p><em>Gracias por el regalo de esta nueva vida. Te ruego que me fortalezcas para cuidarla, con la esperanza del d\u00eda glorioso en que estar\u00e9 Contigo por la eternidad.<\/em><\/p>\n\n\n\n<p><em>Am\u00e9n.<\/em><\/p>\n\n\n\n<hr class=\"wp-block-separator has-alpha-channel-opacity\"\/>\n\n\n\n<p>Si pronunciaste esta oraci\u00f3n con genuino convencimiento, queremos ser los primeros en darte la <strong>bienvenida a la gran familia de la fe cristiana<\/strong>.<\/p>\n\n\n\n<p>Desde este momento, comenzar\u00e1s a experimentar una transformaci\u00f3n real: en tu car\u00e1cter, tus pensamientos, tus emociones, y tu manera de relacionarte con los dem\u00e1s. <strong>Cristo reinar\u00e1 en tu vida<\/strong>, y Su amor empezar\u00e1 a manifestarse en todas las \u00e1reas de tu existencia.<\/p>\n\n\n\n<p><em>\u00c9l te am\u00f3 desde antes de la fundaci\u00f3n del mundo, y te estuvo esperando con los brazos abiertos.<\/em> No puedes imaginar cu\u00e1nto te ama.<\/p>\n\n\n\n<h3 class=\"wp-block-heading\"><strong>\u00bfQuer\u00e9s saber m\u00e1s acerca de tu decisi\u00f3n de fe?<\/strong><\/h3>\n\n\n\n<p>Estos vers\u00edculos te dar\u00e1n certeza y confirmaci\u00f3n de que tu oraci\u00f3n fue o\u00edda, y que la obra de Dios ya comenz\u00f3 en tu coraz\u00f3n:<\/p>\n\n\n\n<p><strong>Romanos 10:8-11 (RVR1960)<\/strong><br><em>(8) Mas \u00bfqu\u00e9 dice? Cercana est\u00e1 a ti la palabra, en tu boca y en tu coraz\u00f3n. Esta es la palabra de fe que predicamos:<\/em><br><em>(9) Que si confesares con tu boca que Jes\u00fas es el Se\u00f1or, y creyeres en tu coraz\u00f3n que Dios le levant\u00f3 de los muertos, ser\u00e1s salvo.<\/em><br><em>(10) Porque con el coraz\u00f3n se cree para justicia, pero con la boca se confiesa para salvaci\u00f3n.<\/em><br><em>(11) Pues la Escritura dice: Todo aquel que en \u00e9l creyere, no ser\u00e1 avergonzado.<\/em><\/p>\n\n\n\n<p><strong>Juan 14:6 (RVR1960)<\/strong><br><em>Jes\u00fas le dijo: Yo soy el camino, y la verdad, y la vida; nadie viene al Padre, sino por m\u00ed.<\/em><\/p>\n\n\n\n<p><strong>1 Timoteo 2:5-6 (RVR1960)<\/strong><br><em>(5) Porque hay un solo Dios, y un solo mediador entre Dios y los hombres, Jesucristo hombre,<\/em><br><em>(6) el cual se dio a s\u00ed mismo en rescate por todos.<\/em><\/p>\n\n\n\n<h3 class=\"wp-block-heading\"><strong>\u00bfA qu\u00e9 esperanza te uniste?<\/strong><\/h3>\n\n\n\n<p>Queremos mostrarte, con la misma Palabra de Dios, el destino glorioso al cual ahora pertenec\u00e9s:<\/p>\n\n\n\n<p><strong>Apocalipsis 21:3-7 (RVR1960)<\/strong><br><em>(3) Y o\u00ed una gran voz del cielo que dec\u00eda: He aqu\u00ed el tabern\u00e1culo de Dios con los hombres, y \u00e9l morar\u00e1 con ellos; y ellos ser\u00e1n su pueblo, y Dios mismo estar\u00e1 con ellos como su Dios.<\/em><br><em>(4) Enjugar\u00e1 Dios toda l\u00e1grima de los ojos de ellos; y ya no habr\u00e1 muerte, ni habr\u00e1 m\u00e1s llanto, ni clamor, ni dolor; porque las primeras cosas pasaron.<\/em><br><em>(5) Y el que estaba sentado en el trono dijo: He aqu\u00ed, yo hago nuevas todas las cosas. Y me dijo: Escribe; porque estas palabras son fieles y verdaderas.<\/em><br><em>(6) Y me dijo: Hecho est\u00e1. Yo soy el Alfa y la Omega, el principio y el fin. Al que tuviere sed, yo le dar\u00e9 gratuitamente de la fuente del agua de la vida.<\/em><br><em>(7) El que venciere heredar\u00e1 todas las cosas, y yo ser\u00e9 su Dios, y \u00e9l ser\u00e1 mi hijo.<\/em><\/p>\n\n\n\n<hr class=\"wp-block-separator has-alpha-channel-opacity\"\/>\n\n\n\n<p><strong>Recuerda<\/strong>: no est\u00e1s solo. Siempre puedes contar con nosotros. Somos tu familia en la fe. Caminamos juntos. Esperamos contigo. Oramos por ti.<\/p>\n\n\n\n<p>\u00abQue la paz y la abundancia que encontramos en Jes\u00fas llenen tu vida\u201d.<br>Te saluda con amor fraternal, <strong>Daniel Liandro.<\/strong><br><em>En todo tiempo ama el amigo,<br>Y es como un hermano en tiempo de angustia.<\/em><br>(Proverbios 17:17)<\/p>\n","protected":false},"excerpt":{"rendered":"<p>Recibirte en la Familia de la Fe No hay mayor gozo para nosotros, como cristianos, que poder llamarte hermano, sabiendo [&hellip;]<\/p>\n","protected":false},"author":2,"featured_media":0,"parent":0,"menu_order":0,"comment_status":"closed","ping_status":"closed","template":"","meta":{"site-sidebar-layout":"default","site-content-layout":"","ast-site-content-layout":"default","site-content-style":"default","site-sidebar-style":"default","ast-global-header-display":"","ast-banner-title-visibility":"","ast-main-header-display":"","ast-hfb-above-header-display":"","ast-hfb-below-header-display":"","ast-hfb-mobile-header-display":"","site-post-title":"","ast-breadcrumbs-content":"","ast-featured-img":"","footer-sml-layout":"","ast-disable-related-posts":"","theme-transparent-header-meta":"","adv-header-id-meta":"","stick-header-meta":"","header-above-stick-meta":"","header-main-stick-meta":"","header-below-stick-meta":"","astra-migrate-meta-layouts":"default","ast-page-background-enabled":"default","ast-page-background-meta":{"desktop":{"background-color":"var(--ast-global-color-4)","background-image":"","background-repeat":"repeat","background-position":"center center","background-size":"auto","background-attachment":"scroll","background-type":"","background-media":"","overlay-type":"","overlay-color":"","overlay-opacity":"","overlay-gradient":""},"tablet":{"background-color":"","background-image":"","background-repeat":"repeat","background-position":"center center","background-size":"auto","background-attachment":"scroll","background-type":"","background-media":"","overlay-type":"","overlay-color":"","overlay-opacity":"","overlay-gradient":""},"mobile":{"background-color":"","background-image":"","background-repeat":"repeat","background-position":"center center","background-size":"auto","background-attachment":"scroll","background-type":"","background-media":"","overlay-type":"","overlay-color":"","overlay-opacity":"","overlay-gradient":""}},"ast-content-background-meta":{"desktop":{"background-color":"var(--ast-global-color-5)","background-image":"","background-repeat":"repeat","background-position":"center center","background-size":"auto","background-attachment":"scroll","background-type":"","background-media":"","overlay-type":"","overlay-color":"","overlay-opacity":"","overlay-gradient":""},"tablet":{"background-color":"var(--ast-global-color-5)","background-image":"","background-repeat":"repeat","background-position":"center center","background-size":"auto","background-attachment":"scroll","background-type":"","background-media":"","overlay-type":"","overlay-color":"","overlay-opacity":"","overlay-gradient":""},"mobile":{"background-color":"var(--ast-global-color-5)","background-image":"","background-repeat":"repeat","background-position":"center center","background-size":"auto","background-attachment":"scroll","background-type":"","background-media":"","overlay-type":"","overlay-color":"","overlay-opacity":"","overlay-gradient":""}},"footnotes":""},"class_list":["post-72","page","type-page","status-publish","hentry"],"_links":{"self":[{"href":"http:\/\/palabrasdevida.com\/systemproword\/wp-json\/wp\/v2\/pages\/72","targetHints":{"allow":["GET"]}}],"collection":[{"href":"http:\/\/palabrasdevida.com\/systemproword\/wp-json\/wp\/v2\/pages"}],"about":[{"href":"http:\/\/palabrasdevida.com\/systemproword\/wp-json\/wp\/v2\/types\/page"}],"author":[{"embeddable":true,"href":"http:\/\/palabrasdevida.com\/systemproword\/wp-json\/wp\/v2\/users\/2"}],"replies":[{"embeddable":true,"href":"http:\/\/palabrasdevida.com\/systemproword\/wp-json\/wp\/v2\/comments?post=72"}],"version-history":[{"count":8,"href":"http:\/\/palabrasdevida.com\/systemproword\/wp-json\/wp\/v2\/pages\/72\/revisions"}],"predecessor-version":[{"id":361,"href":"http:\/\/palabrasdevida.com\/systemproword\/wp-json\/wp\/v2\/pages\/72\/revisions\/361"}],"wp:attachment":[{"href":"http:\/\/palabrasdevida.com\/systemproword\/wp-json\/wp\/v2\/media?parent=72"}],"curies":[{"name":"wp","href":"https:\/\/api.w.org\/{rel}","templated":true}]}}